{"id":92,"date":"2015-03-24T20:46:58","date_gmt":"2015-03-24T20:46:58","guid":{"rendered":"http:\/\/effetpapillonrennes.fr\/?page_id=92"},"modified":"2022-11-07T22:22:35","modified_gmt":"2022-11-07T22:22:35","slug":"coordonnees","status":"publish","type":"page","link":"https:\/\/effetpapillonrennes.fr\/?page_id=92","title":{"rendered":"Acc\u00e8s"},"content":{"rendered":"<p>&nbsp;<\/p>\n<p><em>Adresse du Cabinet<\/em> :<\/p>\n<p>5 rue de la martini\u00e8re 35135 CHANTEPIE<\/p>\n<p><a href=\"http:\/\/effetpapillonrennes.fr\/wp-content\/uploads\/2015\/03\/IMG_7711.jpg\"><img loading=\"lazy\" decoding=\"async\" class=\"wp-image-717 size-medium aligncenter\" src=\"http:\/\/effetpapillonrennes.fr\/wp-content\/uploads\/2015\/03\/IMG_7711-223x300.jpg\" alt=\"IMG_7711\" width=\"223\" height=\"300\" srcset=\"https:\/\/effetpapillonrennes.fr\/wp-content\/uploads\/2015\/03\/IMG_7711-223x300.jpg 223w, https:\/\/effetpapillonrennes.fr\/wp-content\/uploads\/2015\/03\/IMG_7711-624x838.jpg 624w, https:\/\/effetpapillonrennes.fr\/wp-content\/uploads\/2015\/03\/IMG_7711.jpg 1170w\" sizes=\"(max-width: 223px) 100vw, 223px\" \/><\/a><\/p>\n<p><em><span style=\"text-decoration: underline;\">Acc\u00e8s \/ voiture <\/span><\/em><\/p>\n<p>Rocade sud\u00a0: Sortie Vern sur seiche Angers, puis au premier rond point sortie \u00e0 droite \u00ab\u00a0Le Hil La Martini\u00e8re\u00a0\u00bb<\/p>\n<p>Tout droit puis au 1\u00e8re rue \u00e0 droite puis tout de suite \u00e0 gauche<\/p>\n<p><img loading=\"lazy\" decoding=\"async\" class=\"alignleft wp-image-711 size-medium\" src=\"http:\/\/effetpapillonrennes.fr\/wp-content\/uploads\/2015\/03\/IMG_7710-226x300.jpg\" alt=\"IMG_7710\" width=\"226\" height=\"300\" srcset=\"https:\/\/effetpapillonrennes.fr\/wp-content\/uploads\/2015\/03\/IMG_7710-226x300.jpg 226w, https:\/\/effetpapillonrennes.fr\/wp-content\/uploads\/2015\/03\/IMG_7710-624x829.jpg 624w, https:\/\/effetpapillonrennes.fr\/wp-content\/uploads\/2015\/03\/IMG_7710.jpg 1170w\" sizes=\"(max-width: 226px) 100vw, 226px\" \/><\/p>\n<p>&nbsp;<\/p>\n","protected":false},"excerpt":{"rendered":"<p>&nbsp; Adresse du Cabinet : 5 rue de la martini\u00e8re 35135 CHANTEPIE Acc\u00e8s \/ voiture Rocade sud\u00a0: Sortie Vern sur seiche Angers, puis au premier rond point sortie \u00e0 droite \u00ab\u00a0Le Hil La Martini\u00e8re\u00a0\u00bb Tout droit puis au 1\u00e8re rue \u00e0 droite puis tout de suite \u00e0 gauche &nbsp;<\/p>\n","protected":false},"author":1,"featured_media":0,"parent":54,"menu_order":1,"comment_status":"closed","ping_status":"closed","template":"","meta":{"footnotes":""},"class_list":["post-92","page","type-page","status-publish","hentry"],"_links":{"self":[{"href":"https:\/\/effetpapillonrennes.fr\/index.php?rest_route=\/wp\/v2\/pages\/92"}],"collection":[{"href":"https:\/\/effetpapillonrennes.fr\/index.php?rest_route=\/wp\/v2\/pages"}],"about":[{"href":"https:\/\/effetpapillonrennes.fr\/index.php?rest_route=\/wp\/v2\/types\/page"}],"author":[{"embeddable":true,"href":"https:\/\/effetpapillonrennes.fr\/index.php?rest_route=\/wp\/v2\/users\/1"}],"replies":[{"embeddable":true,"href":"https:\/\/effetpapillonrennes.fr\/index.php?rest_route=%2Fwp%2Fv2%2Fcomments&post=92"}],"version-history":[{"count":16,"href":"https:\/\/effetpapillonrennes.fr\/index.php?rest_route=\/wp\/v2\/pages\/92\/revisions"}],"predecessor-version":[{"id":718,"href":"https:\/\/effetpapillonrennes.fr\/index.php?rest_route=\/wp\/v2\/pages\/92\/revisions\/718"}],"up":[{"embeddable":true,"href":"https:\/\/effetpapillonrennes.fr\/index.php?rest_route=\/wp\/v2\/pages\/54"}],"wp:attachment":[{"href":"https:\/\/effetpapillonrennes.fr\/index.php?rest_route=%2Fwp%2Fv2%2Fmedia&parent=92"}],"curies":[{"name":"wp","href":"https:\/\/api.w.org\/{rel}","templated":true}]}}