{"id":733,"date":"2024-10-22T16:53:15","date_gmt":"2024-10-22T16:53:15","guid":{"rendered":"https:\/\/effetpapillonrennes.fr\/?page_id=733"},"modified":"2024-10-22T17:29:11","modified_gmt":"2024-10-22T17:29:11","slug":"mediation","status":"publish","type":"page","link":"https:\/\/effetpapillonrennes.fr\/?page_id=733","title":{"rendered":"M\u00e9diation"},"content":{"rendered":"\n<p>\u00ab\u00a0<em>Conform\u00e9ment aux articles L.616-1 et R.616-1 du code de la consommation, nous proposons un dispositif de m\u00e9diation de la consommation. L\u2019entit\u00e9 de m\u00e9diation retenue est la CNPM M\u00e9diation Consommation. En cas de litige, vous pouvez d\u00e9poser votre r\u00e9clamation sur son site\u00a0 <a href=\"https:\/\/www.cnpm-mediation-consommation.eu\/\" target=\"_blank\" rel=\"noreferrer noopener\">https:\/\/www.cnpm-mediation-consommation.eu\/<\/a> ou par voie postale en \u00e9crivant \u00e0 CNPM Consommation, <a href=\"https:\/\/www.google.com\/maps\/search\/27+avenue%0D%0A++++++++de+la+Lib%C3%A9ration+42400+Saint-Chamond?entry=gmail&amp;source=g\">27 avenue de la Lib\u00e9ration 42400 Saint-Chamond<\/a><\/em>\u00ab\u00a0.<\/p>\n","protected":false},"excerpt":{"rendered":"<p>\u00ab\u00a0Conform\u00e9ment aux articles L.616-1 et R.616-1 du code de la consommation, nous proposons un dispositif de m\u00e9diation de la consommation. L\u2019entit\u00e9 de m\u00e9diation retenue est la CNPM M\u00e9diation Consommation. En cas de litige, vous pouvez d\u00e9poser votre r\u00e9clamation sur son site\u00a0 https:\/\/www.cnpm-mediation-consommation.eu\/ ou par voie postale en \u00e9crivant \u00e0 CNPM Consommation, 27 avenue de la [&hellip;]<\/p>\n","protected":false},"author":1,"featured_media":0,"parent":0,"menu_order":0,"comment_status":"closed","ping_status":"closed","template":"","meta":{"footnotes":""},"class_list":["post-733","page","type-page","status-publish","hentry"],"_links":{"self":[{"href":"https:\/\/effetpapillonrennes.fr\/index.php?rest_route=\/wp\/v2\/pages\/733"}],"collection":[{"href":"https:\/\/effetpapillonrennes.fr\/index.php?rest_route=\/wp\/v2\/pages"}],"about":[{"href":"https:\/\/effetpapillonrennes.fr\/index.php?rest_route=\/wp\/v2\/types\/page"}],"author":[{"embeddable":true,"href":"https:\/\/effetpapillonrennes.fr\/index.php?rest_route=\/wp\/v2\/users\/1"}],"replies":[{"embeddable":true,"href":"https:\/\/effetpapillonrennes.fr\/index.php?rest_route=%2Fwp%2Fv2%2Fcomments&post=733"}],"version-history":[{"count":2,"href":"https:\/\/effetpapillonrennes.fr\/index.php?rest_route=\/wp\/v2\/pages\/733\/revisions"}],"predecessor-version":[{"id":740,"href":"https:\/\/effetpapillonrennes.fr\/index.php?rest_route=\/wp\/v2\/pages\/733\/revisions\/740"}],"wp:attachment":[{"href":"https:\/\/effetpapillonrennes.fr\/index.php?rest_route=%2Fwp%2Fv2%2Fmedia&parent=733"}],"curies":[{"name":"wp","href":"https:\/\/api.w.org\/{rel}","templated":true}]}}