{"id":731,"date":"2024-10-22T16:53:03","date_gmt":"2024-10-22T16:53:03","guid":{"rendered":"https:\/\/effetpapillonrennes.fr\/?page_id=731"},"modified":"2024-10-22T17:25:49","modified_gmt":"2024-10-22T17:25:49","slug":"politique-de-confidentialite","status":"publish","type":"page","link":"https:\/\/effetpapillonrennes.fr\/?page_id=731","title":{"rendered":"Politique de confidentialit\u00e9"},"content":{"rendered":"\n<p><strong><u>POLITIQUE DE CONFIDENTIALIT\u00c9 DES DONN\u00c9ES \u00c0 CARACT\u00c8RE PERSONNEL<\/u><\/strong><\/p>\n\n\n\n<p><em>Version en vigueur \u00e0 la date du 11 octobre 2024<\/em><\/p>\n\n\n\n<p>L\u2019Entrepreneure individuelle Marie-Aude GEORGEAULT est une entreprise individuelle (EI) de droit fran\u00e7ais, immatricul\u00e9e sous le num\u00e9ro SIREN 452478829 demeurant 5 rue de la Martini\u00e8re \u2013 35135 CHANTEPIE, ci-apr\u00e8s d\u00e9nomm\u00e9e \u00ab&nbsp;le responsable du traitement des donn\u00e9es&nbsp;\u00bb, attache une grande importance \u00e0 la protection et confidentialit\u00e9 de la vie priv\u00e9e de ses clients et plus particuli\u00e8rement de leurs donn\u00e9es \u00e0 caract\u00e8re personnel.<\/p>\n\n\n\n<p>Dans ce cadre, la pr\u00e9sente politique de confidentialit\u00e9 vous permettra de comprendre quelles donn\u00e9es \u00e0 caract\u00e8re personnel nous collectons et ce que nous en faisons, ainsi que la fa\u00e7on dont vous pouvez prot\u00e9ger votre vie priv\u00e9e dans le cadre de nos relations commerciales.<\/p>\n\n\n\n<p><strong>DONN\u00c9ES \u00c0 CARACT\u00c8RE PERSONNEL COLLECT\u00c9ES ET TRAIT\u00c9ES<\/strong><\/p>\n\n\n\n<p><strong>A.<\/strong> DONN\u00c9ES COLLECT\u00c9ES ET TRAIT\u00c9ES ET MODE DE COLLECTE<\/p>\n\n\n\n<p>Les donn\u00e9es \u00e0 caract\u00e8re personnel collect\u00e9es sont les suivantes&nbsp;:<\/p>\n\n\n\n<ul class=\"wp-block-list\">\n<li>Nom, pr\u00e9nom, adresse, t\u00e9l\u00e9phone, date de naissance,<\/li>\n\n\n\n<li>Profession, situation familiale, donn\u00e9es d&rsquo;hygi\u00e8ne de vie, parcours de vie,<\/li>\n\n\n\n<li>Ant\u00e9c\u00e9dents de sant\u00e9, traitement et\/ou suivis en cours, poids, taille, allergies, addictions, \u00e9tat \u00e9motionnel, suivi des s\u00e9ances.<\/li>\n<\/ul>\n\n\n\n<p>Ces donn\u00e9es sont collect\u00e9es lorsque la responsable du traitement des donn\u00e9es effectue l&rsquo;une des op\u00e9rations suivantes :<\/p>\n\n\n\n<ul class=\"wp-block-list\">\n<li>Lorsqu\u2019une facture est \u00e9tablie, conform\u00e9ment \u00e0 la l\u00e9gislation en vigueur,<\/li>\n\n\n\n<li>Lorsqu\u2019une fiche client est \u00e9tablie en vue de pr\u00e9parer la prestation demand\u00e9e par le Client.<\/li>\n<\/ul>\n\n\n\n<p>Le responsable du traitement conservera dans des conditions raisonnables de s\u00e9curit\u00e9 l&rsquo;ensemble des donn\u00e9es collect\u00e9es pour une dur\u00e9e de&nbsp;:<\/p>\n\n\n\n<ul class=\"wp-block-list\">\n<li>Donn\u00e9es personnelles\u00a0: 5 ans,<\/li>\n\n\n\n<li>Donn\u00e9es comptables\u00a0: 10 ans<\/li>\n\n\n\n<li>Donn\u00e9es de sant\u00e9\u00a0: 3 ans<\/li>\n<\/ul>\n\n\n\n<p>La collecte et le traitement des donn\u00e9es r\u00e9pondent aux finalit\u00e9s suivantes&nbsp;:<\/p>\n\n\n\n<ul class=\"wp-block-list\">\n<li>\u00c9tablir une facture pour toute prestation sup\u00e9rieure \u00e0 25 euros,<\/li>\n\n\n\n<li>\u00c9tablir une fiche client.<\/li>\n<\/ul>\n\n\n\n<p>Les traitements de donn\u00e9es effectu\u00e9s sont fond\u00e9s sur les bases l\u00e9gales suivantes&nbsp;:<\/p>\n\n\n\n<ul class=\"wp-block-list\">\n<li>Consentement du Client.<\/li>\n<\/ul>\n\n\n\n<p><strong>B.<\/strong> TRANSMISSION DES DONN\u00c9ES A DES TIERS<\/p>\n\n\n\n<p>Les donn\u00e9es \u00e0 caract\u00e8re personnel collect\u00e9es par le site ne sont transmises \u00e0 aucun tiers, et ne sont trait\u00e9es que par le responsable du traitement des donn\u00e9es personnelles.<\/p>\n\n\n\n<p><strong>C.<\/strong> H\u00c9BERGEMENT DES DONN\u00c9ES<\/p>\n\n\n\n<p>Les donn\u00e9es collect\u00e9es sont conserv\u00e9es&nbsp;:<\/p>\n\n\n\n<ul class=\"wp-block-list\">\n<li>Sous la forme papier,<\/li>\n\n\n\n<li>Sous la forme d\u2019un fichier num\u00e9rique h\u00e9berg\u00e9 sur l\u2019ordinateur du responsable du traitement des donn\u00e9es.<\/li>\n<\/ul>\n\n\n\n<p><strong>RESPONSABLE DU TRAITEMENT DES DONN\u00c9ES<\/strong><\/p>\n\n\n\n<p>A. LE RESPONSABLE DU TRAITEMENT DES DONN\u00c9ES<\/p>\n\n\n\n<p>Le responsable du traitement des donn\u00e9es \u00e0 caract\u00e8re personnel est : Entrepreneure Individuelle Marie-Aude GEORGEAULT. Il peut \u00eatre contact\u00e9 de la mani\u00e8re suivante :<\/p>\n\n\n\n<ul class=\"wp-block-list\">\n<li>Le responsable du traitement des donn\u00e9es peut \u00eatre contact\u00e9 par t\u00e9l\u00e9phone au 0621611475 ou \u00e0 l\u2019adresse \u00e9lectronique suivante ma.georgeault@sfr.fr<\/li>\n<\/ul>\n\n\n\n<p>Le responsable du traitement des donn\u00e9es est charg\u00e9 de d\u00e9terminer les finalit\u00e9s et les moyens mis au service du traitement des donn\u00e9es \u00e0 caract\u00e8re personnel.<\/p>\n\n\n\n<p>B. OBLIGATIONS DU RESPONSABLE DU TRAITEMENT DES DONN\u00c9ES<\/p>\n\n\n\n<p>Le responsable du traitement des donn\u00e9es met en \u0153uvre les actions n\u00e9cessaires afin de prot\u00e9ger les donn\u00e9es personnelles qu\u2019il traite. Les donn\u00e9es personnelles sont trait\u00e9es de fa\u00e7on \u00e9lectronique et\/ou manuelle et en tout \u00e9tat de cause, de fa\u00e7on que leur s\u00e9curit\u00e9, protection et confidentialit\u00e9 soient assur\u00e9es au regard de leur niveau de sensibilit\u00e9, via des mesures administratives, techniques et physiques pour pr\u00e9venir la perte, le vol, l\u2019utilisation, la divulgation ou encore la modification non-autoris\u00e9es.<\/p>\n\n\n\n<p>Le responsable du traitement des donn\u00e9es personnelles s&rsquo;engage \u00e0 ne pas les transmettre \u00e0 des tiers sans que le client n&rsquo;en ait \u00e9t\u00e9 inform\u00e9 et \u00e0 respecter les finalit\u00e9s pour lesquelles ces donn\u00e9es ont \u00e9t\u00e9 collect\u00e9es.<\/p>\n\n\n\n<p>De plus, le responsable du traitement des donn\u00e9es s&rsquo;engage \u00e0 informer le Client en cas de rectification ou de suppression des donn\u00e9es, \u00e0 moins que cela n&rsquo;entra\u00eene pour lui des formalit\u00e9s, co\u00fbts et d\u00e9marches disproportionn\u00e9s.<\/p>\n\n\n\n<p>Dans le cas o\u00f9 l&rsquo;int\u00e9grit\u00e9, la confidentialit\u00e9 ou la s\u00e9curit\u00e9 des donn\u00e9es \u00e0 caract\u00e8re personnel du Client est compromise, le responsable du traitement s&rsquo;engage \u00e0 informer le Client par tout moyen.<\/p>\n\n\n\n<p><strong>DROITS DU CLIENT<\/strong><\/p>\n\n\n\n<p>Conform\u00e9ment \u00e0 la r\u00e9glementation concernant le traitement des donn\u00e9es \u00e0 caract\u00e8re personnel, le client poss\u00e8de les droits ci-apr\u00e8s \u00e9num\u00e9r\u00e9s.<\/p>\n\n\n\n<ul class=\"wp-block-list\">\n<li>Afin que le responsable du traitement des donn\u00e9es fasse droit \u00e0 sa demande, le client est tenu de lui communiquer : ses pr\u00e9nom et nom ainsi que son adresse \u00e9lectronique.<\/li>\n\n\n\n<li>Le responsable du traitement des donn\u00e9es est tenu de r\u00e9pondre au client dans un d\u00e9lai de 30 (trente) jours maximums.<\/li>\n<\/ul>\n\n\n\n<p>A. PR\u00c9SENTATION DES DROITS DU CLIENT EN MATI\u00c8RE DE COLLECTE ET TRAITEMENT DE DONN\u00c9ES<\/p>\n\n\n\n<p>a. Droit d&rsquo;acc\u00e8s, de rectification et droit \u00e0 l&rsquo;effacement<\/p>\n\n\n\n<p>Le Client peut prendre connaissance, mettre \u00e0 jour, modifier ou demander la suppression des donn\u00e9es le concernant, en respectant la proc\u00e9dure ci-apr\u00e8s \u00e9nonc\u00e9e :<\/p>\n\n\n\n<ul class=\"wp-block-list\">\n<li>Le Client doit envoyer un courriel au responsable du traitement des donn\u00e9es personnelles en pr\u00e9cisant l\u2019objet de sa demande, \u00e0 l\u2019adresse courriel de contact.<\/li>\n<\/ul>\n\n\n\n<p>b. Droit \u00e0 la portabilit\u00e9 des donn\u00e9es<\/p>\n\n\n\n<p>Le Client a le droit de demander la portabilit\u00e9 de ses donn\u00e9es personnelles, d\u00e9tenues par le responsable du traitement des donn\u00e9es personnelles, en se conformant \u00e0 la proc\u00e9dure ci-apr\u00e8s :<\/p>\n\n\n\n<ul class=\"wp-block-list\">\n<li>Le Client doit faire une demande de portabilit\u00e9 de ses donn\u00e9es personnelles aupr\u00e8s du responsable du traitement des donn\u00e9es en envoyant un courriel \u00e0 l\u2019adresse pr\u00e9vue ci-dessus.<\/li>\n<\/ul>\n\n\n\n<p>c. Droit \u00e0 la limitation et \u00e0 l&rsquo;opposition du traitement des donn\u00e9es<\/p>\n\n\n\n<p>Le Client a le droit de demander la limitation ou de s&rsquo;opposer au traitement de ses donn\u00e9es par le responsable du traitement des donn\u00e9es personnelles sans que le Prestataire ne puisse refuser, sauf \u00e0 d\u00e9montrer l&rsquo;existence de motifs l\u00e9gitimes et imp\u00e9rieux, pouvant pr\u00e9valoir sur les int\u00e9r\u00eats et les droits et libert\u00e9s du Client.<\/p>\n\n\n\n<p>Afin de demander la limitation du traitement de ses donn\u00e9es ou de formuler une opposition au traitement de ses donn\u00e9es, le Client doit suivre la proc\u00e9dure suivante :<\/p>\n\n\n\n<ul class=\"wp-block-list\">\n<li>Le Client doit faire une demande de limitation au traitement de ses donn\u00e9es personnelles par courriel aupr\u00e8s du responsable du traitement des donn\u00e9es personnelles.<\/li>\n<\/ul>\n\n\n\n<p>d. Droit de ne pas faire l&rsquo;objet d&rsquo;une d\u00e9cision fond\u00e9e exclusivement sur un proc\u00e9d\u00e9 automatis\u00e9<\/p>\n\n\n\n<p>Conform\u00e9ment aux dispositions du r\u00e8glement 2016\/679, le Client a le droit de ne pas faire l&rsquo;objet d&rsquo;une d\u00e9cision fond\u00e9e exclusivement sur un proc\u00e9d\u00e9 automatis\u00e9 si la d\u00e9cision produit des effets juridiques le concernant, ou l&rsquo;affecte de mani\u00e8re significative de fa\u00e7on similaire.<\/p>\n\n\n\n<p>e. Droit de d\u00e9terminer le sort des donn\u00e9es apr\u00e8s la mort<\/p>\n\n\n\n<p>Il est rappel\u00e9 au Client qu&rsquo;il peut organiser quel doit \u00eatre le devenir de ses donn\u00e9es collect\u00e9es et trait\u00e9es s&rsquo;il d\u00e9c\u00e8de, conform\u00e9ment \u00e0 la loi n\u00b02016-1321 du 7 octobre 2016.<\/p>\n\n\n\n<p>f. Droit de saisir l&rsquo;autorit\u00e9 de contr\u00f4le comp\u00e9tente<\/p>\n\n\n\n<p>Dans le cas o\u00f9 le responsable du traitement des donn\u00e9es d\u00e9cide de ne pas r\u00e9pondre \u00e0 la demande du Client, et que le Client souhaite contester cette d\u00e9cision, ou, s&rsquo;il pense qu&rsquo;il est port\u00e9 atteinte \u00e0 l&rsquo;un des droits \u00e9num\u00e9r\u00e9s ci-dessus, il est en droit de saisir la CNIL (Commission Nationale de l&rsquo;Informatique et des Libert\u00e9s, https:\/\/www.cnil.fr) ou tout juge comp\u00e9tent.<\/p>\n\n\n\n<p>B. DONN\u00c9ES PERSONNELLES DES PERSONNES MINEURES<\/p>\n\n\n\n<p>Conform\u00e9ment aux dispositions de l&rsquo;article 8 du r\u00e8glement europ\u00e9en 2016\/679 et \u00e0 la loi Informatique et Libert\u00e9s, seuls les mineurs \u00e2g\u00e9s de 15 ans ou plus peuvent consentir au traitement de leurs donn\u00e9es personnelles.<\/p>\n\n\n\n<p>Si le Client est un mineur de moins de 15 ans, l&rsquo;accord d&rsquo;un repr\u00e9sentant l\u00e9gal sera requis afin que des donn\u00e9es \u00e0 caract\u00e8re personnel puissent \u00eatre collect\u00e9es et trait\u00e9es.<\/p>\n\n\n\n<p><strong>EVOLUTION DE LA POLITIQUE DE CONFIDENTIALIT\u00c9<\/strong><\/p>\n\n\n\n<p>La pr\u00e9sente Politique de confidentialit\u00e9 peut \u00eatre amen\u00e9e \u00e0 \u00e9voluer, notamment en raison des \u00e9volutions l\u00e9gislatives et r\u00e9glementaires.<\/p>\n","protected":false},"excerpt":{"rendered":"<p>POLITIQUE DE CONFIDENTIALIT\u00c9 DES DONN\u00c9ES \u00c0 CARACT\u00c8RE PERSONNEL Version en vigueur \u00e0 la date du 11 octobre 2024 L\u2019Entrepreneure individuelle Marie-Aude GEORGEAULT est une entreprise individuelle (EI) de droit fran\u00e7ais, immatricul\u00e9e sous le num\u00e9ro SIREN 452478829 demeurant 5 rue de la Martini\u00e8re \u2013 35135 CHANTEPIE, ci-apr\u00e8s d\u00e9nomm\u00e9e \u00ab&nbsp;le responsable du traitement des donn\u00e9es&nbsp;\u00bb, attache une [&hellip;]<\/p>\n","protected":false},"author":1,"featured_media":0,"parent":0,"menu_order":0,"comment_status":"closed","ping_status":"closed","template":"","meta":{"footnotes":""},"class_list":["post-731","page","type-page","status-publish","hentry"],"_links":{"self":[{"href":"https:\/\/effetpapillonrennes.fr\/index.php?rest_route=\/wp\/v2\/pages\/731"}],"collection":[{"href":"https:\/\/effetpapillonrennes.fr\/index.php?rest_route=\/wp\/v2\/pages"}],"about":[{"href":"https:\/\/effetpapillonrennes.fr\/index.php?rest_route=\/wp\/v2\/types\/page"}],"author":[{"embeddable":true,"href":"https:\/\/effetpapillonrennes.fr\/index.php?rest_route=\/wp\/v2\/users\/1"}],"replies":[{"embeddable":true,"href":"https:\/\/effetpapillonrennes.fr\/index.php?rest_route=%2Fwp%2Fv2%2Fcomments&post=731"}],"version-history":[{"count":2,"href":"https:\/\/effetpapillonrennes.fr\/index.php?rest_route=\/wp\/v2\/pages\/731\/revisions"}],"predecessor-version":[{"id":738,"href":"https:\/\/effetpapillonrennes.fr\/index.php?rest_route=\/wp\/v2\/pages\/731\/revisions\/738"}],"wp:attachment":[{"href":"https:\/\/effetpapillonrennes.fr\/index.php?rest_route=%2Fwp%2Fv2%2Fmedia&parent=731"}],"curies":[{"name":"wp","href":"https:\/\/api.w.org\/{rel}","templated":true}]}}