{"id":729,"date":"2024-10-22T16:52:38","date_gmt":"2024-10-22T16:52:38","guid":{"rendered":"https:\/\/effetpapillonrennes.fr\/?page_id=729"},"modified":"2024-10-22T17:27:05","modified_gmt":"2024-10-22T17:27:05","slug":"mentions-legales","status":"publish","type":"page","link":"https:\/\/effetpapillonrennes.fr\/?page_id=729","title":{"rendered":"Mentions l\u00e9gales"},"content":{"rendered":"\n<p><strong>MENTIONS L\u00c9GALES<\/strong><\/p>\n\n\n\n<p><strong>\u00c9DITEUR<\/strong><\/p>\n\n\n\n<p>Le site EFFETPAPILLONRENNES.FR est \u00e9dit\u00e9 par&nbsp;: Marie-Aude GEORGEAULT Entrepreneur Individuel<\/p>\n\n\n\n<p>SIREN 452478829<\/p>\n\n\n\n<p>Si\u00e8ge social&nbsp;: 5 rue de la Martini\u00e8re &#8211; 35135 CHANTEPIE<\/p>\n\n\n\n<p>Directeur de la publication&nbsp;: Marie-Aude GEORGEAULT<\/p>\n\n\n\n<p>T\u00e9l\u00e9phone&nbsp;: 0621611475<\/p>\n\n\n\n<p>Courriel&nbsp;: ma.georgeault@sfr.fr<\/p>\n\n\n\n<p><strong>H\u00c9BERGEUR<\/strong><\/p>\n\n\n\n<p>L&rsquo;h\u00e9bergement du site est assur\u00e9 par&nbsp;: OVH SAS<\/p>\n\n\n\n<p>Si\u00e8ge social&nbsp;: 2 rue Kellermann \u2013 59100 Roubaix \u2013 France<\/p>\n\n\n\n<p>T\u00e9l\u00e9phone&nbsp;: 33899701761<\/p>\n\n\n\n<p><strong>PROPRI\u00c9T\u00c9 INTELLECTUELLE<\/strong><\/p>\n\n\n\n<p>L&rsquo;\u00e9diteur est seul titulaire des droits de propri\u00e9t\u00e9 intellectuelle ou droits d&rsquo;exploitation sur l&rsquo;ensemble du site, sa structure et son contenu, y compris notamment les textes, images, photographies, illustrations, logos, vid\u00e9os, bases de donn\u00e9es et logiciels.<\/p>\n\n\n\n<p>Toute repr\u00e9sentation, reproduction, adaptation, modification ou exploitation non autoris\u00e9e est interdite et susceptible de constituer une contrefa\u00e7on au sens des articles L. 335-2 et suivants du Code de la propri\u00e9t\u00e9 intellectuelle.<\/p>\n\n\n\n<p><strong>LIENS HYPERTEXTE<\/strong><\/p>\n\n\n\n<p>Des liens hypertextes vers des sites externes peuvent \u00eatre pr\u00e9sents sur le site. L&rsquo;\u00e9diteur d\u00e9cline toute responsabilit\u00e9 pour le contenu des sites externes ou les probl\u00e8mes techniques li\u00e9s \u00e0 leur utilisation.<\/p>\n\n\n\n<p><strong>DONN\u00c9ES PERSONNELLES<\/strong><\/p>\n\n\n\n<p>L&rsquo;\u00e9diteur du site s&rsquo;engage \u00e0 mettre en \u0153uvre un traitement des donn\u00e9es personnelles respectueux de la vie priv\u00e9e et conforme \u00e0 la l\u00e9gislation fran\u00e7aise et europ\u00e9enne en vigueur.<\/p>\n\n\n\n<p>Plus d&rsquo;informations sur le traitement des donn\u00e9es personnelles sont disponibles \u00e0 cette adresse&nbsp;: https:\/\/effetpapillonrennes.fr\/politique-de-confidentialite.<\/p>\n\n\n\n<p><strong>COOKIES<\/strong><\/p>\n\n\n\n<p>L&rsquo;\u00e9diteur du site utilise des cookies et traceurs permettant d&rsquo;offrir une meilleure exp\u00e9rience sur le site.<\/p>\n\n\n\n<p>La limitation des cookies peut \u00eatre configur\u00e9e dans les param\u00e8tres de votre navigateur ou en utilisant la navigation priv\u00e9e.<\/p>\n\n\n\n<p>Plus d&rsquo;informations sur les cookies et leur fonctionnement sont disponibles \u00e0 cette adresse&nbsp;: https:\/\/allaboutcookies.org\/fr.<\/p>\n","protected":false},"excerpt":{"rendered":"<p>MENTIONS L\u00c9GALES \u00c9DITEUR Le site EFFETPAPILLONRENNES.FR est \u00e9dit\u00e9 par&nbsp;: Marie-Aude GEORGEAULT Entrepreneur Individuel SIREN 452478829 Si\u00e8ge social&nbsp;: 5 rue de la Martini\u00e8re &#8211; 35135 CHANTEPIE Directeur de la publication&nbsp;: Marie-Aude GEORGEAULT T\u00e9l\u00e9phone&nbsp;: 0621611475 Courriel&nbsp;: ma.georgeault@sfr.fr H\u00c9BERGEUR L&rsquo;h\u00e9bergement du site est assur\u00e9 par&nbsp;: OVH SAS Si\u00e8ge social&nbsp;: 2 rue Kellermann \u2013 59100 Roubaix \u2013 France T\u00e9l\u00e9phone&nbsp;: [&hellip;]<\/p>\n","protected":false},"author":1,"featured_media":0,"parent":0,"menu_order":0,"comment_status":"closed","ping_status":"closed","template":"","meta":{"footnotes":""},"class_list":["post-729","page","type-page","status-publish","hentry"],"_links":{"self":[{"href":"https:\/\/effetpapillonrennes.fr\/index.php?rest_route=\/wp\/v2\/pages\/729"}],"collection":[{"href":"https:\/\/effetpapillonrennes.fr\/index.php?rest_route=\/wp\/v2\/pages"}],"about":[{"href":"https:\/\/effetpapillonrennes.fr\/index.php?rest_route=\/wp\/v2\/types\/page"}],"author":[{"embeddable":true,"href":"https:\/\/effetpapillonrennes.fr\/index.php?rest_route=\/wp\/v2\/users\/1"}],"replies":[{"embeddable":true,"href":"https:\/\/effetpapillonrennes.fr\/index.php?rest_route=%2Fwp%2Fv2%2Fcomments&post=729"}],"version-history":[{"count":2,"href":"https:\/\/effetpapillonrennes.fr\/index.php?rest_route=\/wp\/v2\/pages\/729\/revisions"}],"predecessor-version":[{"id":739,"href":"https:\/\/effetpapillonrennes.fr\/index.php?rest_route=\/wp\/v2\/pages\/729\/revisions\/739"}],"wp:attachment":[{"href":"https:\/\/effetpapillonrennes.fr\/index.php?rest_route=%2Fwp%2Fv2%2Fmedia&parent=729"}],"curies":[{"name":"wp","href":"https:\/\/api.w.org\/{rel}","templated":true}]}}