{"id":643,"date":"2016-01-21T21:03:57","date_gmt":"2016-01-21T21:03:57","guid":{"rendered":"http:\/\/effetpapillonrennes.fr\/?page_id=643"},"modified":"2016-01-21T21:03:57","modified_gmt":"2016-01-21T21:03:57","slug":"quest-ce-que-cest","status":"publish","type":"page","link":"https:\/\/effetpapillonrennes.fr\/?page_id=643","title":{"rendered":"Qu&rsquo;est ce que c&rsquo;est?"},"content":{"rendered":"<p>L\u2019acupression est la stimulation de points d\u2019acuponcture, de points r\u00e9flexes ou de zones de m\u00e9moire cutan\u00e9e de mani\u00e8re manuelle. Cette\u00a0 technique consiste \u00e0 stimuler, \u00e0 activer ces zones ou ces points.<\/p>\n<p>L\u2019acupression \u00e0 5 points consiste \u00e0 encha\u00eener la stimulation de 5 points ou zones afin de cr\u00e9er un CIRCUIT dans lequel circulera une \u00e9nergie particuli\u00e8re, d\u00e9riv\u00e9e de l\u2019\u00e9nergie des m\u00e9ridiens et ce, \u00e0 vis\u00e9e \u00e9motionnelle.<\/p>\n","protected":false},"excerpt":{"rendered":"<p>L\u2019acupression est la stimulation de points d\u2019acuponcture, de points r\u00e9flexes ou de zones de m\u00e9moire cutan\u00e9e de mani\u00e8re manuelle. Cette\u00a0 technique consiste \u00e0 stimuler, \u00e0 activer ces zones ou ces points. L\u2019acupression \u00e0 5 points consiste \u00e0 encha\u00eener la stimulation de 5 points ou zones afin de cr\u00e9er un CIRCUIT dans lequel circulera une \u00e9nergie [&hellip;]<\/p>\n","protected":false},"author":1,"featured_media":0,"parent":631,"menu_order":1,"comment_status":"closed","ping_status":"closed","template":"","meta":{"footnotes":""},"class_list":["post-643","page","type-page","status-publish","hentry"],"_links":{"self":[{"href":"https:\/\/effetpapillonrennes.fr\/index.php?rest_route=\/wp\/v2\/pages\/643"}],"collection":[{"href":"https:\/\/effetpapillonrennes.fr\/index.php?rest_route=\/wp\/v2\/pages"}],"about":[{"href":"https:\/\/effetpapillonrennes.fr\/index.php?rest_route=\/wp\/v2\/types\/page"}],"author":[{"embeddable":true,"href":"https:\/\/effetpapillonrennes.fr\/index.php?rest_route=\/wp\/v2\/users\/1"}],"replies":[{"embeddable":true,"href":"https:\/\/effetpapillonrennes.fr\/index.php?rest_route=%2Fwp%2Fv2%2Fcomments&post=643"}],"version-history":[{"count":1,"href":"https:\/\/effetpapillonrennes.fr\/index.php?rest_route=\/wp\/v2\/pages\/643\/revisions"}],"predecessor-version":[{"id":644,"href":"https:\/\/effetpapillonrennes.fr\/index.php?rest_route=\/wp\/v2\/pages\/643\/revisions\/644"}],"up":[{"embeddable":true,"href":"https:\/\/effetpapillonrennes.fr\/index.php?rest_route=\/wp\/v2\/pages\/631"}],"wp:attachment":[{"href":"https:\/\/effetpapillonrennes.fr\/index.php?rest_route=%2Fwp%2Fv2%2Fmedia&parent=643"}],"curies":[{"name":"wp","href":"https:\/\/api.w.org\/{rel}","templated":true}]}}