{"id":6,"date":"2015-03-24T18:40:00","date_gmt":"2015-03-24T18:40:00","guid":{"rendered":"http:\/\/effetpapillonrennes.fr\/?page_id=6"},"modified":"2015-10-17T11:24:02","modified_gmt":"2015-10-17T11:24:02","slug":"reflexologie","status":"publish","type":"page","link":"https:\/\/effetpapillonrennes.fr\/?page_id=6","title":{"rendered":"R\u00e9flexologie"},"content":{"rendered":"<p>&nbsp;<\/p>\n<p><strong>Qu&rsquo;est ce que c&rsquo;est?<\/strong><\/p>\n<p><img loading=\"lazy\" decoding=\"async\" class=\"wp-image-453 size-full alignright\" src=\"http:\/\/effetpapillonrennes.fr\/wp-content\/uploads\/2015\/10\/massag2.jpg\" alt=\"massag2\" width=\"228\" height=\"221\" \/>Nos pieds sont nos racines, notre stabilit\u00e9. Sachant qu\u2019ils sont compos\u00e9s chacun de 7200 terminaisons nerveuses et de 21 os, ils sont la base de tout l\u2019\u00e9quilibre de notre corps. Ils sont sollicit\u00e9s \u00e0 outrance tous les jours, \u00e9coutons les signaux qu\u2019ils nous envoient pour garder notre \u00e9quilibre vital\u2026<\/p>\n<p>La r\u00e9flexologie plantaire est une m\u00e9thode douce et agr\u00e9able \u00e0 recevoir, un moment de l\u00e2cher prise et de relaxation, qui part de nos pieds pour lib\u00e9rer notre corps et notre t\u00eate.<\/p>\n<p>La r\u00e9flexologie plantaire envisage les pieds comme une carte du corps.<\/p>\n<p>La r\u00e9flexologie est une science, qui part du principe qu\u2019il existe dans les pieds et les mains des zones reflexes correspondant \u00e0 toutes les glandes, tous les organes et toutes les parties du corps. Les stimulations pratiqu\u00e9es permettent de r\u00e9tablir l\u2019\u00e9quilibre harmonieux de tous les syst\u00e8mes physiologiques du corps.<\/p>\n<p>La r\u00e9flexologie a une action pr\u00e9ventive et peut compl\u00e9ter un traitement allopathique. Elle est une m\u00e9thode unique en son genre par laquelle le reflexologue travaille ces zones \u00e0 l\u2019aide uniquement de son pouce et de ses mains. La r\u00e9flexologie plantaire est une th\u00e9rapie consistant \u00e0 traiter diff\u00e9rents troubles par des pressions sur les pieds. On y ajoute \u00e9galement des mouvements de massage qui renforcent la relaxation dans les situations de stress pour permettre au corps d\u2019aller vers l\u2019hom\u00e9ostasie (\u00e9quilibre int\u00e9rieur).<\/p>\n<p>&nbsp;<\/p>\n<p>&nbsp;<\/p>\n<p>&nbsp;<\/p>\n","protected":false},"excerpt":{"rendered":"<p>&nbsp; Qu&rsquo;est ce que c&rsquo;est? Nos pieds sont nos racines, notre stabilit\u00e9. Sachant qu\u2019ils sont compos\u00e9s chacun de 7200 terminaisons nerveuses et de 21 os, ils sont la base de tout l\u2019\u00e9quilibre de notre corps. Ils sont sollicit\u00e9s \u00e0 outrance tous les jours, \u00e9coutons les signaux qu\u2019ils nous envoient pour garder notre \u00e9quilibre vital\u2026 La [&hellip;]<\/p>\n","protected":false},"author":1,"featured_media":0,"parent":0,"menu_order":1,"comment_status":"closed","ping_status":"closed","template":"","meta":{"footnotes":""},"class_list":["post-6","page","type-page","status-publish","hentry"],"_links":{"self":[{"href":"https:\/\/effetpapillonrennes.fr\/index.php?rest_route=\/wp\/v2\/pages\/6"}],"collection":[{"href":"https:\/\/effetpapillonrennes.fr\/index.php?rest_route=\/wp\/v2\/pages"}],"about":[{"href":"https:\/\/effetpapillonrennes.fr\/index.php?rest_route=\/wp\/v2\/types\/page"}],"author":[{"embeddable":true,"href":"https:\/\/effetpapillonrennes.fr\/index.php?rest_route=\/wp\/v2\/users\/1"}],"replies":[{"embeddable":true,"href":"https:\/\/effetpapillonrennes.fr\/index.php?rest_route=%2Fwp%2Fv2%2Fcomments&post=6"}],"version-history":[{"count":5,"href":"https:\/\/effetpapillonrennes.fr\/index.php?rest_route=\/wp\/v2\/pages\/6\/revisions"}],"predecessor-version":[{"id":546,"href":"https:\/\/effetpapillonrennes.fr\/index.php?rest_route=\/wp\/v2\/pages\/6\/revisions\/546"}],"wp:attachment":[{"href":"https:\/\/effetpapillonrennes.fr\/index.php?rest_route=%2Fwp%2Fv2%2Fmedia&parent=6"}],"curies":[{"name":"wp","href":"https:\/\/api.w.org\/{rel}","templated":true}]}}