{"id":48,"date":"2015-03-24T19:21:44","date_gmt":"2015-03-24T19:21:44","guid":{"rendered":"http:\/\/effetpapillonrennes.fr\/?page_id=48"},"modified":"2022-11-07T22:04:34","modified_gmt":"2022-11-07T22:04:34","slug":"qui-suis-je","status":"publish","type":"page","link":"https:\/\/effetpapillonrennes.fr\/?page_id=48","title":{"rendered":"Qui suis-je?"},"content":{"rendered":"<p style=\"text-align: left;\"><strong><br \/>\nMarie Aude GEORGEAULT,\u00a0R\u00e9flexologue RNCP<\/strong><\/p>\n<p style=\"text-align: left;\">\nIssue de formation Economique et Commerciale, j\u2019ai occup\u00e9 plusieurs postes de cadre dans le domaine commercial, marketing et manag\u00e9rial. A travers mon parcours professionnel, et gr\u00e2ce \u00e0 diff\u00e9rentes rencontres, j\u2019ai d\u00e9couvert la r\u00e9flexologie, qui pour moi a \u00e9t\u00e9 un v\u00e9ritable tournant dans ma vie professionnelle et personnelle.<\/p>\n<p><a href=\"http:\/\/effetpapillonrennes.fr\/wp-content\/uploads\/2015\/03\/IMG_7705.jpg\"><img loading=\"lazy\" decoding=\"async\" class=\"alignright size-medium wp-image-706\" src=\"http:\/\/effetpapillonrennes.fr\/wp-content\/uploads\/2015\/03\/IMG_7705-300x221.jpg\" alt=\"IMG_7705\" width=\"300\" height=\"221\" srcset=\"https:\/\/effetpapillonrennes.fr\/wp-content\/uploads\/2015\/03\/IMG_7705-300x221.jpg 300w, https:\/\/effetpapillonrennes.fr\/wp-content\/uploads\/2015\/03\/IMG_7705-624x459.jpg 624w, https:\/\/effetpapillonrennes.fr\/wp-content\/uploads\/2015\/03\/IMG_7705.jpg 1170w\" sizes=\"(max-width: 300px) 100vw, 300px\" \/><\/a><\/p>\n<p>Ces techniques m\u2019ont \u00e9tonn\u00e9e de part leurs effets et leur efficacit\u00e9. J\u2019ai d\u00e9marr\u00e9 une formation initiale en 2007 et continue \u00e0 me former r\u00e9guli\u00e8rement pour mon plus grand plaisir.<\/p>\n<p>&nbsp;<\/p>\n<p>La r\u00e9flexologie est un outil merveilleux de d\u00e9tente, de relaxation et de\u00a0bien \u00eatre, mais aussi de soulagement des maux. J\u2019\u00e9labore mes protocoles de s\u00e9ances en fonction de chaque personne afin d\u2019obtenir le meilleur pour chacun.<a href=\"http:\/\/effetpapillonrennes.fr\/wp-content\/uploads\/2015\/03\/IMG_7706.jpg\"><img loading=\"lazy\" decoding=\"async\" class=\"alignright size-medium wp-image-707\" src=\"http:\/\/effetpapillonrennes.fr\/wp-content\/uploads\/2015\/03\/IMG_7706-300x226.jpg\" alt=\"IMG_7706\" width=\"300\" height=\"226\" srcset=\"https:\/\/effetpapillonrennes.fr\/wp-content\/uploads\/2015\/03\/IMG_7706-300x226.jpg 300w, https:\/\/effetpapillonrennes.fr\/wp-content\/uploads\/2015\/03\/IMG_7706-624x469.jpg 624w, https:\/\/effetpapillonrennes.fr\/wp-content\/uploads\/2015\/03\/IMG_7706.jpg 1170w\" sizes=\"(max-width: 300px) 100vw, 300px\" \/><\/a><\/p>\n<p>&nbsp;<\/p>\n<p><strong>Formations en r\u00e9flexologie<\/strong><\/p>\n<p><em>R\u00e9flexologie plantaire<\/em><\/p>\n<p>R\u00e9flexologue form\u00e9e et diplom\u00e9e, certifi\u00e9e en r\u00e9flexologie plantaire par l\u2019institut de Th\u00e9rapie Holistique Cassiop\u00e9e Chatou formateur Val\u00e9rie Rousseau<\/p>\n<p><a href=\"http:\/\/www.dienchaninstitute.com\" target=\"_blank\"><img loading=\"lazy\" decoding=\"async\" class=\"alignright wp-image-419 size-thumbnail\" src=\"http:\/\/effetpapillonrennes.fr\/wp-content\/uploads\/2015\/10\/logo-dienchan-150x150.png\" alt=\"logo-dienchan\" width=\"150\" height=\"150\" srcset=\"https:\/\/effetpapillonrennes.fr\/wp-content\/uploads\/2015\/10\/logo-dienchan-150x150.png 150w, https:\/\/effetpapillonrennes.fr\/wp-content\/uploads\/2015\/10\/logo-dienchan-300x300.png 300w, https:\/\/effetpapillonrennes.fr\/wp-content\/uploads\/2015\/10\/logo-dienchan-624x624.png 624w\" sizes=\"(max-width: 150px) 100vw, 150px\" \/><\/a><\/p>\n<p>&nbsp;<\/p>\n<p><em>R\u00e9flexologie faciale\u00a0<\/em><\/p>\n<p>Dien Chan Institute niveau professionnel<\/p>\n<p>Multir\u00e9flexologies form\u00e9e par Pierre Andr\u00e9 Fautrier formateur agr\u00e9e par le professeur Bui Qu\u00f4c Ch\u00e2u<\/p>\n<p><a href=\"http:\/\/www.dienchaninstitute.com\/\" target=\"_blank\">www.dienchaninstitute.com<\/a><\/p>\n<p><em>Certificat professionnel de R\u00e9flexologue<\/em> &#8211; Titre enregistr\u00e9 au RNCP &#8211; Niveau II (FR) \/ Niveau 6 (EU) &#8211; Code NSF : 330t par arr\u00eat\u00e9 du 27 D\u00e9cembre 2018 publi\u00e9 au JO le 4 Janvier 2019<\/p>\n<p><strong>Stages<\/strong><\/p>\n<ul>\n<li>Alimentation et Syst\u00e8me endocrinien par Brigitte Fichaux Di\u00e9t\u00e9ticienne<\/li>\n<li>Le tissu osseux, les arthropathies inflammatoires et d\u00e9g\u00e9n\u00e9ratives par Dominique Brossier Naturopathe-iridologue<\/li>\n<li>Sport et nutrition &#8211; Intervenant Monsieur Yves Bernard, Formation agr\u00e9\u00e9es par l&rsquo;OMNES<\/li>\n<\/ul>\n","protected":false},"excerpt":{"rendered":"<p>Marie Aude GEORGEAULT,\u00a0R\u00e9flexologue RNCP Issue de formation Economique et Commerciale, j\u2019ai occup\u00e9 plusieurs postes de cadre dans le domaine commercial, marketing et manag\u00e9rial. A travers mon parcours professionnel, et gr\u00e2ce \u00e0 diff\u00e9rentes rencontres, j\u2019ai d\u00e9couvert la r\u00e9flexologie, qui pour moi a \u00e9t\u00e9 un v\u00e9ritable tournant dans ma vie professionnelle et personnelle. Ces techniques m\u2019ont \u00e9tonn\u00e9e [&hellip;]<\/p>\n","protected":false},"author":1,"featured_media":0,"parent":44,"menu_order":2,"comment_status":"closed","ping_status":"closed","template":"","meta":{"footnotes":""},"class_list":["post-48","page","type-page","status-publish","hentry"],"_links":{"self":[{"href":"https:\/\/effetpapillonrennes.fr\/index.php?rest_route=\/wp\/v2\/pages\/48"}],"collection":[{"href":"https:\/\/effetpapillonrennes.fr\/index.php?rest_route=\/wp\/v2\/pages"}],"about":[{"href":"https:\/\/effetpapillonrennes.fr\/index.php?rest_route=\/wp\/v2\/types\/page"}],"author":[{"embeddable":true,"href":"https:\/\/effetpapillonrennes.fr\/index.php?rest_route=\/wp\/v2\/users\/1"}],"replies":[{"embeddable":true,"href":"https:\/\/effetpapillonrennes.fr\/index.php?rest_route=%2Fwp%2Fv2%2Fcomments&post=48"}],"version-history":[{"count":18,"href":"https:\/\/effetpapillonrennes.fr\/index.php?rest_route=\/wp\/v2\/pages\/48\/revisions"}],"predecessor-version":[{"id":713,"href":"https:\/\/effetpapillonrennes.fr\/index.php?rest_route=\/wp\/v2\/pages\/48\/revisions\/713"}],"up":[{"embeddable":true,"href":"https:\/\/effetpapillonrennes.fr\/index.php?rest_route=\/wp\/v2\/pages\/44"}],"wp:attachment":[{"href":"https:\/\/effetpapillonrennes.fr\/index.php?rest_route=%2Fwp%2Fv2%2Fmedia&parent=48"}],"curies":[{"name":"wp","href":"https:\/\/api.w.org\/{rel}","templated":true}]}}