{"id":441,"date":"2015-10-07T21:58:50","date_gmt":"2015-10-07T21:58:50","guid":{"rendered":"http:\/\/effetpapillonrennes.fr\/?page_id=441"},"modified":"2016-01-21T21:03:03","modified_gmt":"2016-01-21T21:03:03","slug":"code-de-deontologie","status":"publish","type":"page","link":"https:\/\/effetpapillonrennes.fr\/?page_id=441","title":{"rendered":"Code de deontologie"},"content":{"rendered":"<p>Adh\u00e8re \u00e0 la d\u00e9finition de la R\u00e9flexologie retenue par la F\u00e9d\u00e9ration Fran\u00e7aise des R\u00e9flexologues dans son r\u00e8glement int\u00e9rieur.<\/p>\n<p>Rappel\u00a0: La r\u00e9flexologie est une technique de digitopression qui consid\u00e8re le pied ou la main comme la repr\u00e9sentation du corps humain et de tout ce qui le compose. Elle a pour objectif, entre autre, de relaxer, de r\u00e9guler l\u2019hom\u00e9ostasie, d\u2019activer la circulation et d\u2019agir sur l\u2019ensemble des manifestations li\u00e9es au stress par la stimulation des points r\u00e9flexes correspondants.<\/p>\n<ul>\n<li>S\u2019engager \u00e0 exercer son activit\u00e9 avec humanit\u00e9, probit\u00e9 et loyaut\u00e9.<\/li>\n<li>S\u2019engager \u00e0 toujours observer le principe fondamental du respect de la personne humaine<\/li>\n<li>S\u2019engage \u00e0 n\u2019\u00e9mettre aucune critique n\u00e9gative \u00e0 l\u2019\u00e9gard d\u2019un membre ou d\u2019une formation reconnue par la f\u00e9d\u00e9ration.<\/li>\n<li>A pour objectif de restaurer au maximum l\u2019autonomie de son patient<\/li>\n<li>Ne pose aucun diagnostic m\u00e9dical et n\u2019intervient dans aucune d\u00e9cision th\u00e9rapeutique<\/li>\n<li>Observe l\u2019attitude absolue de r\u00e9serve et de secret professionnel pour tous ses patients<\/li>\n<li>A tout moment laisse \u00e0 son patient sa totale libert\u00e9 de choix th\u00e9rapeutique<\/li>\n<li>Admet de percevoir des honoraires raisonnables conformes \u00e0 l\u2019\u00e9thique de la profession.<\/li>\n<li>Au nom du respect fondamental et total de l\u2019int\u00e9grit\u00e9 physique et moral de la personne humaine, le r\u00e9flexologue s\u2019engage\u00a0:\n<ul>\n<li>A respecter son client dans sa demande et ses choix de vie<\/li>\n<li>A ne cautionner ni alimenter les exc\u00e8s, errances (\u00e9motionnelles, spirituelles, d\u00e9rives perverses ou projections de son client, afin de demeurer authentique dans la d\u00e9marche stricte et exclusive du r\u00e9flexologue qui n\u2019est ni m\u00e9decin, ni un ma\u00eetre spirituel, ni un substitut affectif).<\/li>\n<\/ul>\n<\/li>\n<\/ul>\n","protected":false},"excerpt":{"rendered":"<p>Adh\u00e8re \u00e0 la d\u00e9finition de la R\u00e9flexologie retenue par la F\u00e9d\u00e9ration Fran\u00e7aise des R\u00e9flexologues dans son r\u00e8glement int\u00e9rieur. Rappel\u00a0: La r\u00e9flexologie est une technique de digitopression qui consid\u00e8re le pied ou la main comme la repr\u00e9sentation du corps humain et de tout ce qui le compose. Elle a pour objectif, entre autre, de relaxer, de [&hellip;]<\/p>\n","protected":false},"author":1,"featured_media":0,"parent":44,"menu_order":4,"comment_status":"closed","ping_status":"closed","template":"","meta":{"footnotes":""},"class_list":["post-441","page","type-page","status-publish","hentry"],"_links":{"self":[{"href":"https:\/\/effetpapillonrennes.fr\/index.php?rest_route=\/wp\/v2\/pages\/441"}],"collection":[{"href":"https:\/\/effetpapillonrennes.fr\/index.php?rest_route=\/wp\/v2\/pages"}],"about":[{"href":"https:\/\/effetpapillonrennes.fr\/index.php?rest_route=\/wp\/v2\/types\/page"}],"author":[{"embeddable":true,"href":"https:\/\/effetpapillonrennes.fr\/index.php?rest_route=\/wp\/v2\/users\/1"}],"replies":[{"embeddable":true,"href":"https:\/\/effetpapillonrennes.fr\/index.php?rest_route=%2Fwp%2Fv2%2Fcomments&post=441"}],"version-history":[{"count":4,"href":"https:\/\/effetpapillonrennes.fr\/index.php?rest_route=\/wp\/v2\/pages\/441\/revisions"}],"predecessor-version":[{"id":642,"href":"https:\/\/effetpapillonrennes.fr\/index.php?rest_route=\/wp\/v2\/pages\/441\/revisions\/642"}],"up":[{"embeddable":true,"href":"https:\/\/effetpapillonrennes.fr\/index.php?rest_route=\/wp\/v2\/pages\/44"}],"wp:attachment":[{"href":"https:\/\/effetpapillonrennes.fr\/index.php?rest_route=%2Fwp%2Fv2%2Fmedia&parent=441"}],"curies":[{"name":"wp","href":"https:\/\/api.w.org\/{rel}","templated":true}]}}