{"id":38,"date":"2015-03-24T19:17:43","date_gmt":"2015-03-24T19:17:43","guid":{"rendered":"http:\/\/effetpapillonrennes.fr\/?page_id=38"},"modified":"2024-10-14T14:35:19","modified_gmt":"2024-10-14T14:35:19","slug":"tarifs-des-soins","status":"publish","type":"page","link":"https:\/\/effetpapillonrennes.fr\/?page_id=38","title":{"rendered":"Tarifs des soins"},"content":{"rendered":"<p><strong>REFLEXOLOGIE PLANTAIRE<\/strong><\/p>\n<table style=\"height: 176px;\" width=\"650\">\n<tbody>\n<tr>\n<th>Soins<\/th>\n<th>Dur\u00e9e<\/th>\n<th>Tarif<\/th>\n<\/tr>\n<tr>\n<td>Le soin de relaxation<\/td>\n<td>50 MINUTES DE LACHE PRISE<\/td>\n<td>55 \u20ac<\/td>\n<\/tr>\n<tr>\n<td>Le soin complet les 5 \u00e9l\u00e9ments<\/td>\n<td>90 MINUTES ENERGETIQUES<\/td>\n<td>80 \u20ac<\/td>\n<\/tr>\n<tr>\n<td>S\u00e9ance enfant jusqu\u2019\u00e0 10 ANS<\/td>\n<td>30 MINUTES<\/td>\n<td>35 \u20ac<\/td>\n<\/tr>\n<\/tbody>\n<\/table>\n<p><strong>TECHNIQUES D&rsquo;HARMONISATION EMOTIONELLE MIRINDRAFO<\/strong><\/p>\n<p><strong>L&rsquo;Acupression \u00e0 5 points<\/strong><\/p>\n<p>S\u00e9ance de r\u00e9\u00e9quilibrage et de r\u00e9 harmonisation des \u00e9nergies sur le plan \u00e9motionnel ADULTE\u00a0: 90 Minutes\u00a0Tarif\u00a0: 80 \u20ac<\/p>\n<p>S\u00e9ance de r\u00e9\u00e9quilibrage et de r\u00e9 harmonisation des \u00e9nergies sur le plan \u00e9motionnel ADULTE\u00a0:\u00a0\u00a0\u00a0\u00a0 60 Minutes\u00a0Tarif\u00a0: 60 \u20ac<\/p>\n<p>S\u00e9ance de r\u00e9\u00e9quilibrage et de r\u00e9 harmonisation des \u00e9nergies sur le plan \u00e9motionnel\u00a0ENFANT JUSQU&rsquo;A 10 ans : 60 minutes : Tarif\u00a0: 45\u20ac<\/p>\n<p><strong>AMINCISSEMENT<\/strong><\/p>\n<p><em>\u00a0<\/em><em>1<sup>ER<\/sup> RDV BILAN OFFERT\u00a0: DUREE DU RDV DE 1H A 2H <\/em><\/p>\n<p><em>Objectifs\u00a0: D\u00e9finir vos attentes, comprendre vos besoins et expliquer les m\u00e9canismes d\u2019\u00e9quilibre m\u00e9tabolique. <\/em><\/p>\n<p><u>REEQUILIBRAGE METABOLIQUE Soin \u00e9nerg\u00e9tique Relaxation minceur<\/u>\u00a0:\u00a060 MINUTES\u00a0Tarif\u00a0: 60\u20ac<\/p>\n<p><em>\u00a0<\/em><\/p>\n<p><strong>DIEN CHAN MULTIREFLEXOLOGIE FACIALE<\/strong><\/p>\n<table>\n<tbody>\n<tr>\n<th>SOINS<\/th>\n<th>DUR\u00c9E<\/th>\n<th>TARIF<\/th>\n<\/tr>\n<tr>\n<td>1ER RDV BILAN + SOIN ENERGETIQUE DIEN CHAN<\/td>\n<td>90 MINUTES<\/td>\n<td>60 \u20ac<\/td>\n<\/tr>\n<tr>\n<td>Le soin \u00e9nerg\u00e9tique DIEN CHAN<\/td>\n<td>60 MINUTES (FORMULE SELON LES BESOINS DE CHACUN)<\/td>\n<td>60 \u20ac<\/td>\n<\/tr>\n<tr>\n<td>S\u00e9ance Enfant DIEN CHAN jusqu\u2019\u00e0 10 ans<\/td>\n<td>\u00a030 MINUTES<\/td>\n<td>35 \u20ac<\/td>\n<\/tr>\n<tr>\n<td>Formule Arr\u00eat TABAC DIEN CHAN<\/td>\n<td>90 MINUTES<\/td>\n<td>80 \u20ac PUIS 2\u00e8me s\u00e9ance et plus si besoin 60 MINUTES TARIFS 60\u20ac )<\/td>\n<\/tr>\n<\/tbody>\n<\/table>\n<p>&nbsp;<\/p>\n<p><strong>REFLEXOLOGIE FACIALE<\/strong><\/p>\n<table>\n<tbody>\n<tr>\n<th>SOINS<\/th>\n<th>DUR\u00c9E<\/th>\n<th>TARIF<\/th>\n<\/tr>\n<tr>\n<td><strong>Soin ANTI STRESS<\/strong><\/td>\n<td>75 MINUTES<\/td>\n<td>65 \u20ac<\/td>\n<\/tr>\n<tr>\n<td>Soin ANTI STRESS ET THERAPEUTIQUE DIEN CHAN<\/td>\n<td>75 MINUTES<\/td>\n<td>\n<p style=\"text-align: left;\">65 \u20ac<\/p>\n<\/td>\n<\/tr>\n<tr>\n<td style=\"text-align: left;\">Soin BEAUTE<\/td>\n<td style=\"text-align: left;\">75 MINUTES<\/td>\n<td style=\"text-align: left;\">65\u20ac<\/td>\n<\/tr>\n<\/tbody>\n<\/table>\n<p>CURE DE 5 SEANCES DE REFLEXOLOGIE FACIALE SUR 3 SEMAINES TARIF : 275\u20ac<\/p>\n","protected":false},"excerpt":{"rendered":"<p>REFLEXOLOGIE PLANTAIRE Soins Dur\u00e9e Tarif Le soin de relaxation 50 MINUTES DE LACHE PRISE 55 \u20ac Le soin complet les 5 \u00e9l\u00e9ments 90 MINUTES ENERGETIQUES 80 \u20ac S\u00e9ance enfant jusqu\u2019\u00e0 10 ANS 30 MINUTES 35 \u20ac TECHNIQUES D&rsquo;HARMONISATION EMOTIONELLE MIRINDRAFO L&rsquo;Acupression \u00e0 5 points S\u00e9ance de r\u00e9\u00e9quilibrage et de r\u00e9 harmonisation des \u00e9nergies sur le [&hellip;]<\/p>\n","protected":false},"author":1,"featured_media":0,"parent":44,"menu_order":2,"comment_status":"closed","ping_status":"closed","template":"","meta":{"footnotes":""},"class_list":["post-38","page","type-page","status-publish","hentry"],"_links":{"self":[{"href":"https:\/\/effetpapillonrennes.fr\/index.php?rest_route=\/wp\/v2\/pages\/38"}],"collection":[{"href":"https:\/\/effetpapillonrennes.fr\/index.php?rest_route=\/wp\/v2\/pages"}],"about":[{"href":"https:\/\/effetpapillonrennes.fr\/index.php?rest_route=\/wp\/v2\/types\/page"}],"author":[{"embeddable":true,"href":"https:\/\/effetpapillonrennes.fr\/index.php?rest_route=\/wp\/v2\/users\/1"}],"replies":[{"embeddable":true,"href":"https:\/\/effetpapillonrennes.fr\/index.php?rest_route=%2Fwp%2Fv2%2Fcomments&post=38"}],"version-history":[{"count":38,"href":"https:\/\/effetpapillonrennes.fr\/index.php?rest_route=\/wp\/v2\/pages\/38\/revisions"}],"predecessor-version":[{"id":726,"href":"https:\/\/effetpapillonrennes.fr\/index.php?rest_route=\/wp\/v2\/pages\/38\/revisions\/726"}],"up":[{"embeddable":true,"href":"https:\/\/effetpapillonrennes.fr\/index.php?rest_route=\/wp\/v2\/pages\/44"}],"wp:attachment":[{"href":"https:\/\/effetpapillonrennes.fr\/index.php?rest_route=%2Fwp%2Fv2%2Fmedia&parent=38"}],"curies":[{"name":"wp","href":"https:\/\/api.w.org\/{rel}","templated":true}]}}