{"id":32,"date":"2015-03-24T19:11:49","date_gmt":"2015-03-24T19:11:49","guid":{"rendered":"http:\/\/effetpapillonrennes.fr\/?page_id=32"},"modified":"2015-10-12T06:36:55","modified_gmt":"2015-10-12T06:36:55","slug":"pour-qui","status":"publish","type":"page","link":"https:\/\/effetpapillonrennes.fr\/?page_id=32","title":{"rendered":"Les \u00e9pices"},"content":{"rendered":"<p>&nbsp;<\/p>\n<p><strong>Les \u00e9pices et leurs bienfaits\u00a0: le saviez-vous\u00a0? <\/strong><\/p>\n<p><strong><img loading=\"lazy\" decoding=\"async\" class=\"size-medium wp-image-487 alignnone\" src=\"http:\/\/effetpapillonrennes.fr\/wp-content\/uploads\/2015\/10\/c3a9pices-300x200.jpg\" alt=\"c3a9pices\" width=\"300\" height=\"200\" srcset=\"https:\/\/effetpapillonrennes.fr\/wp-content\/uploads\/2015\/10\/c3a9pices-300x200.jpg 300w, https:\/\/effetpapillonrennes.fr\/wp-content\/uploads\/2015\/10\/c3a9pices-624x416.jpg 624w, https:\/\/effetpapillonrennes.fr\/wp-content\/uploads\/2015\/10\/c3a9pices.jpg 909w\" sizes=\"(max-width: 300px) 100vw, 300px\" \/><\/strong><\/p>\n<p>Quelques exemples\u00a0:<\/p>\n<table width=\"485\">\n<tbody>\n<tr>\n<td width=\"188\"><strong>Ail<\/strong><\/td>\n<td width=\"296\">antibiotique, anti-inflammatoire, antitoxique et anti-canc\u00e9reuse<\/td>\n<\/tr>\n<tr>\n<td width=\"188\"><strong>Aneth<\/strong><\/td>\n<td width=\"296\">Digestive et calmante<\/td>\n<\/tr>\n<tr>\n<td width=\"188\"><strong>Coriandre<\/strong><strong>\u00a0<\/strong><\/p>\n<p><strong>\u00a0<\/strong><\/td>\n<td width=\"296\">Anti-canc\u00e9reuse, anti-inflammatoire et antimicrobienne. Stimule de plus les fonctions gastriques<\/td>\n<\/tr>\n<tr>\n<td width=\"188\"><strong>Cumin<\/strong><\/td>\n<td width=\"296\">Agit sur le syst\u00e8me digestif<\/td>\n<\/tr>\n<tr>\n<td width=\"188\"><strong>Curcuma<\/strong><\/td>\n<td width=\"296\">Antioxydant, anticanc\u00e9reuse, anti-inflammatoire, antibact\u00e9rienne, antiallergique. Soulage de plus les articulations et les troubles de la digestion.<\/td>\n<\/tr>\n<tr>\n<td width=\"188\"><strong>Poivre<\/strong><\/td>\n<td width=\"296\">Stimule l&rsquo;organisme, active la circulation sanguine, aide \u00e0 l&rsquo;\u00e9limination des graisses. Tonique et antibact\u00e9rien. Attention \u00e0 fortes doses peut irriter les muqueuses de l&rsquo;estomac<\/td>\n<\/tr>\n<tr>\n<td width=\"188\"><strong>R\u00e9glisse<\/strong><strong>\u00a0<\/strong><\/p>\n<p><strong>\u00a0<\/strong><\/td>\n<td width=\"296\">Apaise les maux d&rsquo;estomac, les toux, maux de gorges. Elle est aussi diur\u00e9tique et d\u00e9contractante.<\/td>\n<\/tr>\n<tr>\n<td width=\"188\"><strong>Vanille<\/strong><strong>\u00a0<\/strong><\/td>\n<td width=\"296\">Stimulante, digestive, anti oxydante, antiseptique et apaisante<\/td>\n<\/tr>\n<\/tbody>\n<\/table>\n<p>&nbsp;<\/p>\n<p>&nbsp;<\/p>\n<p><strong style=\"line-height: 24px;\">\u00a0<\/strong><\/p>\n","protected":false},"excerpt":{"rendered":"<p>&nbsp; Les \u00e9pices et leurs bienfaits\u00a0: le saviez-vous\u00a0? Quelques exemples\u00a0: Ail antibiotique, anti-inflammatoire, antitoxique et anti-canc\u00e9reuse Aneth Digestive et calmante Coriandre\u00a0 \u00a0 Anti-canc\u00e9reuse, anti-inflammatoire et antimicrobienne. Stimule de plus les fonctions gastriques Cumin Agit sur le syst\u00e8me digestif Curcuma Antioxydant, anticanc\u00e9reuse, anti-inflammatoire, antibact\u00e9rienne, antiallergique. Soulage de plus les articulations et les troubles de la digestion. [&hellip;]<\/p>\n","protected":false},"author":1,"featured_media":0,"parent":28,"menu_order":2,"comment_status":"closed","ping_status":"closed","template":"","meta":{"footnotes":""},"class_list":["post-32","page","type-page","status-publish","hentry"],"_links":{"self":[{"href":"https:\/\/effetpapillonrennes.fr\/index.php?rest_route=\/wp\/v2\/pages\/32"}],"collection":[{"href":"https:\/\/effetpapillonrennes.fr\/index.php?rest_route=\/wp\/v2\/pages"}],"about":[{"href":"https:\/\/effetpapillonrennes.fr\/index.php?rest_route=\/wp\/v2\/types\/page"}],"author":[{"embeddable":true,"href":"https:\/\/effetpapillonrennes.fr\/index.php?rest_route=\/wp\/v2\/users\/1"}],"replies":[{"embeddable":true,"href":"https:\/\/effetpapillonrennes.fr\/index.php?rest_route=%2Fwp%2Fv2%2Fcomments&post=32"}],"version-history":[{"count":7,"href":"https:\/\/effetpapillonrennes.fr\/index.php?rest_route=\/wp\/v2\/pages\/32\/revisions"}],"predecessor-version":[{"id":489,"href":"https:\/\/effetpapillonrennes.fr\/index.php?rest_route=\/wp\/v2\/pages\/32\/revisions\/489"}],"up":[{"embeddable":true,"href":"https:\/\/effetpapillonrennes.fr\/index.php?rest_route=\/wp\/v2\/pages\/28"}],"wp:attachment":[{"href":"https:\/\/effetpapillonrennes.fr\/index.php?rest_route=%2Fwp%2Fv2%2Fmedia&parent=32"}],"curies":[{"name":"wp","href":"https:\/\/api.w.org\/{rel}","templated":true}]}}