{"id":30,"date":"2015-03-24T19:09:13","date_gmt":"2015-03-24T19:09:13","guid":{"rendered":"http:\/\/effetpapillonrennes.fr\/?page_id=30"},"modified":"2015-10-18T13:44:22","modified_gmt":"2015-10-18T13:44:22","slug":"pourquoi","status":"publish","type":"page","link":"https:\/\/effetpapillonrennes.fr\/?page_id=30","title":{"rendered":"Pour qui?"},"content":{"rendered":"<p>&nbsp;<\/p>\n<p><img loading=\"lazy\" decoding=\"async\" class=\"size-medium wp-image-457 alignright\" src=\"http:\/\/effetpapillonrennes.fr\/wp-content\/uploads\/2015\/10\/piedsurbalance-300x132.jpg\" alt=\"piedsurbalance\" width=\"300\" height=\"132\" srcset=\"https:\/\/effetpapillonrennes.fr\/wp-content\/uploads\/2015\/10\/piedsurbalance-300x132.jpg 300w, https:\/\/effetpapillonrennes.fr\/wp-content\/uploads\/2015\/10\/piedsurbalance.jpg 500w\" sizes=\"(max-width: 300px) 100vw, 300px\" \/>L\u2019 amincissement peut s\u2019adresser \u00e0 tous types de personnes adolescents, hommes, femmes, jusqu\u2019\u00e0 80 ans.<\/p>\n<p>Je peux vous aider sur tous types de perte de poids\u00a0: 3 \u00e0 4 kg jusqu\u2019\u00e0 30 \u00e0 40 kg.<\/p>\n<p>Vous aider \u00e0 trouver ou retrouver la silhouette qui vous appartient\u00a0!!!<\/p>\n<p>\u00ab\u00a0ETRE BIEN TOUT SIMPLEMENT DANS SON CORPS DES PIEDS A LA TETE\u00a0\u00bb<\/p>\n<p><strong>\u00a0<\/strong><\/p>\n<p><strong>IDEE RECETTE A TESTER<\/strong><\/p>\n<p>Bien se nourrir sans mati\u00e8re grasse<\/p>\n<p><em><strong>Moussaka de courgettes<\/strong><\/em><\/p>\n<p><strong><span style=\"text-decoration: underline;\">Ingr\u00e9dients:<\/span><\/strong><\/p>\n<p>Courgettes &#8211;\u00a0b\u0153uf hach\u00e9 (5 % de MG) &#8211; 1 \u00e9chalote &#8211; cumin &#8211; sel, poivre<\/p>\n<ul>\n<li>\u00c9plucher et \u00e9mincer l\u2019\u00e9chalote<\/li>\n<li>La faire fondre dans une po\u00eale anti adh\u00e9sive<\/li>\n<li>laver, \u00e9plucher et couper les courgettes en petits morceaux<\/li>\n<li>les rajouter dans la po\u00eale avec l&rsquo;\u00e9chalote<\/li>\n<li>faire cuire une quinzaine de minutes, puis rajouter la viande hach\u00e9e et laisser cuire le tout<\/li>\n<li>assaisonner avec cumin, sel, poivre<\/li>\n<\/ul>\n","protected":false},"excerpt":{"rendered":"<p>&nbsp; L\u2019 amincissement peut s\u2019adresser \u00e0 tous types de personnes adolescents, hommes, femmes, jusqu\u2019\u00e0 80 ans. Je peux vous aider sur tous types de perte de poids\u00a0: 3 \u00e0 4 kg jusqu\u2019\u00e0 30 \u00e0 40 kg. Vous aider \u00e0 trouver ou retrouver la silhouette qui vous appartient\u00a0!!! \u00ab\u00a0ETRE BIEN TOUT SIMPLEMENT DANS SON CORPS DES [&hellip;]<\/p>\n","protected":false},"author":1,"featured_media":0,"parent":28,"menu_order":1,"comment_status":"closed","ping_status":"closed","template":"","meta":{"footnotes":""},"class_list":["post-30","page","type-page","status-publish","hentry"],"_links":{"self":[{"href":"https:\/\/effetpapillonrennes.fr\/index.php?rest_route=\/wp\/v2\/pages\/30"}],"collection":[{"href":"https:\/\/effetpapillonrennes.fr\/index.php?rest_route=\/wp\/v2\/pages"}],"about":[{"href":"https:\/\/effetpapillonrennes.fr\/index.php?rest_route=\/wp\/v2\/types\/page"}],"author":[{"embeddable":true,"href":"https:\/\/effetpapillonrennes.fr\/index.php?rest_route=\/wp\/v2\/users\/1"}],"replies":[{"embeddable":true,"href":"https:\/\/effetpapillonrennes.fr\/index.php?rest_route=%2Fwp%2Fv2%2Fcomments&post=30"}],"version-history":[{"count":10,"href":"https:\/\/effetpapillonrennes.fr\/index.php?rest_route=\/wp\/v2\/pages\/30\/revisions"}],"predecessor-version":[{"id":603,"href":"https:\/\/effetpapillonrennes.fr\/index.php?rest_route=\/wp\/v2\/pages\/30\/revisions\/603"}],"up":[{"embeddable":true,"href":"https:\/\/effetpapillonrennes.fr\/index.php?rest_route=\/wp\/v2\/pages\/28"}],"wp:attachment":[{"href":"https:\/\/effetpapillonrennes.fr\/index.php?rest_route=%2Fwp%2Fv2%2Fmedia&parent=30"}],"curies":[{"name":"wp","href":"https:\/\/api.w.org\/{rel}","templated":true}]}}