{"id":28,"date":"2015-03-24T19:07:44","date_gmt":"2015-03-24T19:07:44","guid":{"rendered":"http:\/\/effetpapillonrennes.fr\/?page_id=28"},"modified":"2015-10-17T12:59:34","modified_gmt":"2015-10-17T12:59:34","slug":"amincissement","status":"publish","type":"page","link":"https:\/\/effetpapillonrennes.fr\/?page_id=28","title":{"rendered":"Amincissement"},"content":{"rendered":"<p>&nbsp;<\/p>\n<p><img loading=\"lazy\" decoding=\"async\" class=\"size-full wp-image-463 alignright\" src=\"http:\/\/effetpapillonrennes.fr\/wp-content\/uploads\/2015\/10\/ventre-metreruban.jpg\" alt=\"ventre-metreruban\" width=\"300\" height=\"300\" srcset=\"https:\/\/effetpapillonrennes.fr\/wp-content\/uploads\/2015\/10\/ventre-metreruban.jpg 300w, https:\/\/effetpapillonrennes.fr\/wp-content\/uploads\/2015\/10\/ventre-metreruban-150x150.jpg 150w\" sizes=\"(max-width: 300px) 100vw, 300px\" \/>Je vous propose une formule simple sans m\u00e9dicaments ou appareils minceur. Une m\u00e9thode manuelle de r\u00e9flexologie pour travailler sur un r\u00e9\u00e9quilibrage m\u00e9tabolique de votre corps.<\/p>\n<p>Objectif est de r\u00e9veiller les fonctions de l\u2019organisme par le biais de la r\u00e9flexologie alli\u00e9e \u00e0 une r\u00e9organisation alimentaire.<\/p>\n<p>Notre objectif est de retrouver votre \u00e9quilibre, une silhouette comme vous le souhaitez, travailler sur les hanches, le ventre, les cuisses, la peau\u2026. Ensemble nous d\u00e9finissons vos attentes et nous mettons tout en \u0153uvre pour atteindre votre but en respectant votre \u00e9quilibre \u00e9motionnel et votre sant\u00e9.<\/p>\n<p>Cet amincissement doit s\u2019harmoniser avec le tonus, le moral, le sommeil, la gestion du stress, c\u2019est un tout\u00a0; je travaille sur ces \u00e9quilibres m\u00e9taboliques.<\/p>\n<p>&nbsp;<\/p>\n<p><strong><u>Pour ce faire<\/u>\u00a0:<\/strong><\/p>\n<p>Pour son activit\u00e9 quotidienne l\u2019homme consomme et produit de l\u2019\u00e9nergie. Cette \u00e9nergie circule sur des lignes \u00e9nerg\u00e9tiques appel\u00e9es \u00ab\u00a0m\u00e9ridiens\u00a0\u00bb. Il existe 12 m\u00e9ridiens principaux et plus de 365 points de m\u00e9ridiens. On va composer ces \u00e9quilibres sur les m\u00e9ridiens et \u00e0 l\u2019aide de r\u00e9flexos drainages.<\/p>\n<p><strong>\u00a0<\/strong><\/p>\n<p><strong>Objectif du soin<\/strong>\u00a0:<\/p>\n<p>STIMULATIONS DE POINTS REFLEXES MANUELLES (sans aiguille) DU CORPS AFIN DE CONTRIBUER A REEQUILIBRER VOTRE ORGANISME ET LIBERER LES TENSIONS<\/p>\n<p>En fonction de vous et de vos attentes, de votre pass\u00e9, de vos motivations, de votre morphologie et de vos objectifs, ensemble nous pouvons trouver des solutions pour contribuer \u00e0 relancer le flux \u00e9nerg\u00e9tique en alliant force et douceur afin d\u2019obtenir des r\u00e9sultats durables en ad\u00e9quation avec votre m\u00e9tabolisme.<\/p>\n<p>+<\/p>\n<p><strong>REEQUILIBRAGE ALIMENTAIRE<\/strong><\/p>\n<p><img loading=\"lazy\" decoding=\"async\" class=\"size-medium wp-image-452 alignleft\" src=\"http:\/\/effetpapillonrennes.fr\/wp-content\/uploads\/2015\/10\/aubergine1-500x325-300x195.jpg\" alt=\"aubergine1-500x325\" width=\"300\" height=\"195\" srcset=\"https:\/\/effetpapillonrennes.fr\/wp-content\/uploads\/2015\/10\/aubergine1-500x325-300x195.jpg 300w, https:\/\/effetpapillonrennes.fr\/wp-content\/uploads\/2015\/10\/aubergine1-500x325.jpg 500w\" sizes=\"(max-width: 300px) 100vw, 300px\" \/><\/p>\n<p>&nbsp;<\/p>\n","protected":false},"excerpt":{"rendered":"<p>&nbsp; Je vous propose une formule simple sans m\u00e9dicaments ou appareils minceur. Une m\u00e9thode manuelle de r\u00e9flexologie pour travailler sur un r\u00e9\u00e9quilibrage m\u00e9tabolique de votre corps. Objectif est de r\u00e9veiller les fonctions de l\u2019organisme par le biais de la r\u00e9flexologie alli\u00e9e \u00e0 une r\u00e9organisation alimentaire. Notre objectif est de retrouver votre \u00e9quilibre, une silhouette comme [&hellip;]<\/p>\n","protected":false},"author":1,"featured_media":0,"parent":0,"menu_order":2,"comment_status":"closed","ping_status":"closed","template":"","meta":{"footnotes":""},"class_list":["post-28","page","type-page","status-publish","hentry"],"_links":{"self":[{"href":"https:\/\/effetpapillonrennes.fr\/index.php?rest_route=\/wp\/v2\/pages\/28"}],"collection":[{"href":"https:\/\/effetpapillonrennes.fr\/index.php?rest_route=\/wp\/v2\/pages"}],"about":[{"href":"https:\/\/effetpapillonrennes.fr\/index.php?rest_route=\/wp\/v2\/types\/page"}],"author":[{"embeddable":true,"href":"https:\/\/effetpapillonrennes.fr\/index.php?rest_route=\/wp\/v2\/users\/1"}],"replies":[{"embeddable":true,"href":"https:\/\/effetpapillonrennes.fr\/index.php?rest_route=%2Fwp%2Fv2%2Fcomments&post=28"}],"version-history":[{"count":4,"href":"https:\/\/effetpapillonrennes.fr\/index.php?rest_route=\/wp\/v2\/pages\/28\/revisions"}],"predecessor-version":[{"id":550,"href":"https:\/\/effetpapillonrennes.fr\/index.php?rest_route=\/wp\/v2\/pages\/28\/revisions\/550"}],"wp:attachment":[{"href":"https:\/\/effetpapillonrennes.fr\/index.php?rest_route=%2Fwp%2Fv2%2Fmedia&parent=28"}],"curies":[{"name":"wp","href":"https:\/\/api.w.org\/{rel}","templated":true}]}}