{"id":26,"date":"2015-03-24T19:04:04","date_gmt":"2015-03-24T19:04:04","guid":{"rendered":"http:\/\/effetpapillonrennes.fr\/?page_id=26"},"modified":"2015-10-11T21:15:45","modified_gmt":"2015-10-11T21:15:45","slug":"deroulement-de-la-seance","status":"publish","type":"page","link":"https:\/\/effetpapillonrennes.fr\/?page_id=26","title":{"rendered":"D\u00e9roulement de la s\u00e9ance"},"content":{"rendered":"<p>&nbsp;<\/p>\n<p><em><u>Avant la s\u00e9ance<\/u><\/em>\u00a0:<\/p>\n<p>Nous faisons connaissance et prenons ensemble le temps d\u2019\u00e9changer sur vos besoins et votre \u00e9tat de sant\u00e9. En fonction de vos attentes, je vais adapter le soin, et vous expliquer son d\u00e9roulement.<\/p>\n<p>Je vous installe sur une table de massage les pieds d\u00e9nud\u00e9s jusqu\u2019au genou. Musique, couverture, vous accompagneront pour ce moment de d\u00e9tente.<\/p>\n<p><img loading=\"lazy\" decoding=\"async\" class=\"size-medium wp-image-460 alignright\" src=\"http:\/\/effetpapillonrennes.fr\/wp-content\/uploads\/2015\/10\/reflexologie-pied-plantaire2-542-300x200.jpg\" alt=\"Feet massage\" width=\"300\" height=\"200\" srcset=\"https:\/\/effetpapillonrennes.fr\/wp-content\/uploads\/2015\/10\/reflexologie-pied-plantaire2-542-300x200.jpg 300w, https:\/\/effetpapillonrennes.fr\/wp-content\/uploads\/2015\/10\/reflexologie-pied-plantaire2-542-624x416.jpg 624w\" sizes=\"(max-width: 300px) 100vw, 300px\" \/><\/p>\n<p><em><u>Pendant la s\u00e9ance\u00a0:<\/u><\/em><\/p>\n<p>Tout d\u2019abord, on d\u00e9tend les pieds pour permettre un travail optimal sur les zones reflexes. Selon les besoins de votre corps, je vais stimuler et ou r\u00e9guler vos zones organiques et psychique, afin de vous apaiser.<\/p>\n<p>&nbsp;<\/p>\n<p><em><u>Apr\u00e8s\u00a0: <\/u><\/em><\/p>\n<p>Vous allez reprendre doucement vos \u00ab\u00a0esprits\u00a0\u00bb. Vous sentir au calme. Je vous conseille d\u2019avoir un peu de temps apr\u00e8s pour vous de ne pas \u00ab\u00a0repartir\u00a0\u00bb dans une activit\u00e9 intense mais de profiter du soin\u2026<\/p>\n<p>Votre organisme va \u00ab\u00a0bouger\u00a0\u00bb tranquillement dans les 24-48h, il va r\u00e9agir. C\u2019est positif.<\/p>\n<p>&nbsp;<\/p>\n","protected":false},"excerpt":{"rendered":"<p>&nbsp; Avant la s\u00e9ance\u00a0: Nous faisons connaissance et prenons ensemble le temps d\u2019\u00e9changer sur vos besoins et votre \u00e9tat de sant\u00e9. En fonction de vos attentes, je vais adapter le soin, et vous expliquer son d\u00e9roulement. Je vous installe sur une table de massage les pieds d\u00e9nud\u00e9s jusqu\u2019au genou. Musique, couverture, vous accompagneront pour ce [&hellip;]<\/p>\n","protected":false},"author":1,"featured_media":0,"parent":6,"menu_order":6,"comment_status":"closed","ping_status":"closed","template":"","meta":{"footnotes":""},"class_list":["post-26","page","type-page","status-publish","hentry"],"_links":{"self":[{"href":"https:\/\/effetpapillonrennes.fr\/index.php?rest_route=\/wp\/v2\/pages\/26"}],"collection":[{"href":"https:\/\/effetpapillonrennes.fr\/index.php?rest_route=\/wp\/v2\/pages"}],"about":[{"href":"https:\/\/effetpapillonrennes.fr\/index.php?rest_route=\/wp\/v2\/types\/page"}],"author":[{"embeddable":true,"href":"https:\/\/effetpapillonrennes.fr\/index.php?rest_route=\/wp\/v2\/users\/1"}],"replies":[{"embeddable":true,"href":"https:\/\/effetpapillonrennes.fr\/index.php?rest_route=%2Fwp%2Fv2%2Fcomments&post=26"}],"version-history":[{"count":3,"href":"https:\/\/effetpapillonrennes.fr\/index.php?rest_route=\/wp\/v2\/pages\/26\/revisions"}],"predecessor-version":[{"id":473,"href":"https:\/\/effetpapillonrennes.fr\/index.php?rest_route=\/wp\/v2\/pages\/26\/revisions\/473"}],"up":[{"embeddable":true,"href":"https:\/\/effetpapillonrennes.fr\/index.php?rest_route=\/wp\/v2\/pages\/6"}],"wp:attachment":[{"href":"https:\/\/effetpapillonrennes.fr\/index.php?rest_route=%2Fwp%2Fv2%2Fmedia&parent=26"}],"curies":[{"name":"wp","href":"https:\/\/api.w.org\/{rel}","templated":true}]}}