{"id":22,"date":"2015-03-24T19:01:37","date_gmt":"2015-03-24T19:01:37","guid":{"rendered":"http:\/\/effetpapillonrennes.fr\/?page_id=22"},"modified":"2015-10-11T21:11:55","modified_gmt":"2015-10-11T21:11:55","slug":"frequence-des-seances","status":"publish","type":"page","link":"https:\/\/effetpapillonrennes.fr\/?page_id=22","title":{"rendered":"Fr\u00e9quence des s\u00e9ances"},"content":{"rendered":"<p>&nbsp;<\/p>\n<p><img loading=\"lazy\" decoding=\"async\" class=\"size-medium wp-image-462 alignright\" src=\"http:\/\/effetpapillonrennes.fr\/wp-content\/uploads\/2015\/10\/reflexologie1-300x113.jpg\" alt=\"reflexologie1\" width=\"300\" height=\"113\" srcset=\"https:\/\/effetpapillonrennes.fr\/wp-content\/uploads\/2015\/10\/reflexologie1-300x113.jpg 300w, https:\/\/effetpapillonrennes.fr\/wp-content\/uploads\/2015\/10\/reflexologie1-624x235.jpg 624w, https:\/\/effetpapillonrennes.fr\/wp-content\/uploads\/2015\/10\/reflexologie1.jpg 918w\" sizes=\"(max-width: 300px) 100vw, 300px\" \/>Le nombre de s\u00e9ances de r\u00e9flexologie plantaire varie en fonction de chaque personne sans contrainte et en toute confidentialit\u00e9.<\/p>\n<p>En r\u00e8gle g\u00e9n\u00e9rale, 3 \u00e0 5 s\u00e9ances sont pr\u00e9conis\u00e9es dans un premier temps pour installer une am\u00e9lioration sensible et durable.<\/p>\n<p>Puis des s\u00e9ances d\u2019entretien, une s\u00e9ance par mois, par trimestre ou \u00e0 chaque changement de saison sont recommand\u00e9es pour maintenir sur le long terme un bon \u00e9quilibre \u00e9nerg\u00e9tique.<\/p>\n<p>Pratiqu\u00e9e \u00e0 des fins de relaxation, une s\u00e9ance tous les deux mois aidera \u00e0 apaiser. Essayer au minimum de pr\u00e9voir une s\u00e9ance aux nouvelles saisons, car ce sont des moments ou votre corps \u00e0 besoin de se \u00ab\u00a0nettoyer en profondeur\u00a0\u00bb, principalement en automne et au printemps.<\/p>\n<p><strong>Les premiers bienfaits sont ressentis d\u00e8s la premi\u00e8re s\u00e9ance. Les bienfaits de la r\u00e9flexologie sont progressifs et cumulatifs. Ils nous permettent d\u2019atteindre un \u00e9quilibre \u00e9nerg\u00e9tique <\/strong><\/p>\n","protected":false},"excerpt":{"rendered":"<p>&nbsp; Le nombre de s\u00e9ances de r\u00e9flexologie plantaire varie en fonction de chaque personne sans contrainte et en toute confidentialit\u00e9. En r\u00e8gle g\u00e9n\u00e9rale, 3 \u00e0 5 s\u00e9ances sont pr\u00e9conis\u00e9es dans un premier temps pour installer une am\u00e9lioration sensible et durable. Puis des s\u00e9ances d\u2019entretien, une s\u00e9ance par mois, par trimestre ou \u00e0 chaque changement de [&hellip;]<\/p>\n","protected":false},"author":1,"featured_media":0,"parent":6,"menu_order":4,"comment_status":"closed","ping_status":"closed","template":"","meta":{"footnotes":""},"class_list":["post-22","page","type-page","status-publish","hentry"],"_links":{"self":[{"href":"https:\/\/effetpapillonrennes.fr\/index.php?rest_route=\/wp\/v2\/pages\/22"}],"collection":[{"href":"https:\/\/effetpapillonrennes.fr\/index.php?rest_route=\/wp\/v2\/pages"}],"about":[{"href":"https:\/\/effetpapillonrennes.fr\/index.php?rest_route=\/wp\/v2\/types\/page"}],"author":[{"embeddable":true,"href":"https:\/\/effetpapillonrennes.fr\/index.php?rest_route=\/wp\/v2\/users\/1"}],"replies":[{"embeddable":true,"href":"https:\/\/effetpapillonrennes.fr\/index.php?rest_route=%2Fwp%2Fv2%2Fcomments&post=22"}],"version-history":[{"count":2,"href":"https:\/\/effetpapillonrennes.fr\/index.php?rest_route=\/wp\/v2\/pages\/22\/revisions"}],"predecessor-version":[{"id":471,"href":"https:\/\/effetpapillonrennes.fr\/index.php?rest_route=\/wp\/v2\/pages\/22\/revisions\/471"}],"up":[{"embeddable":true,"href":"https:\/\/effetpapillonrennes.fr\/index.php?rest_route=\/wp\/v2\/pages\/6"}],"wp:attachment":[{"href":"https:\/\/effetpapillonrennes.fr\/index.php?rest_route=%2Fwp%2Fv2%2Fmedia&parent=22"}],"curies":[{"name":"wp","href":"https:\/\/api.w.org\/{rel}","templated":true}]}}