{"id":215,"date":"2015-06-01T22:41:36","date_gmt":"2015-06-01T22:41:36","guid":{"rendered":"http:\/\/effetpapillonrennes.fr\/?page_id=215"},"modified":"2015-10-18T12:34:58","modified_gmt":"2015-10-18T12:34:58","slug":"les-seances","status":"publish","type":"page","link":"https:\/\/effetpapillonrennes.fr\/?page_id=215","title":{"rendered":"Les s\u00e9ances"},"content":{"rendered":"<p><img loading=\"lazy\" decoding=\"async\" class=\"size-full wp-image-218 alignright\" src=\"http:\/\/effetpapillonrennes.fr\/wp-content\/uploads\/2015\/06\/im2.jpg\" alt=\"im2\" width=\"150\" height=\"192\" \/>Le Dien Chan se pratique sur une personne habill\u00e9e en position assise ou allong\u00e9e selon le choix de la personne. C\u2019est un \u00e9change actif entre la personne et le praticien. Chaque zone stimul\u00e9e est ressentie par la personne et en communication avec le praticien permet de cette fa\u00e7on permet d\u2019adapter le soin \u00e0 chaque client.<\/p>\n<p>La s\u00e9ance dure de 90 minutes \u00e0 30 minutes selon le soin pratiqu\u00e9 et les besoins de chaque personne\u2026<\/p>\n<p>&nbsp;<\/p>\n<p><strong>Chan&rsquo;beaut\u00e9,\u00a0<\/strong><strong>l&rsquo;esth\u00e9tique th\u00e9rapeutique<\/strong><\/p>\n<p><img loading=\"lazy\" decoding=\"async\" class=\"size-medium wp-image-563 alignright\" src=\"http:\/\/effetpapillonrennes.fr\/wp-content\/uploads\/2015\/10\/IMG_6631-225x300.jpg\" alt=\"IMG_6631\" width=\"225\" height=\"300\" srcset=\"https:\/\/effetpapillonrennes.fr\/wp-content\/uploads\/2015\/10\/IMG_6631-225x300.jpg 225w, https:\/\/effetpapillonrennes.fr\/wp-content\/uploads\/2015\/10\/IMG_6631-624x832.jpg 624w, https:\/\/effetpapillonrennes.fr\/wp-content\/uploads\/2015\/10\/IMG_6631.jpg 960w\" sizes=\"(max-width: 225px) 100vw, 225px\" \/><br \/>\n<em>Le visage est le reflet de l\u2019\u00e2me et de notre \u00e9quilibre int\u00e9rieur.<\/em><\/p>\n<p>Comment faire\u00a0: traiter l&rsquo;\u00e9quilibre int\u00e9rieur. Il s&rsquo;agit d&rsquo;une approche innovante de soins de beaut\u00e9 et de bien-\u00eatre. La peau est le reflet de notre \u00e9tat g\u00e9n\u00e9ral de sant\u00e9. Le Chan\u2019beaut\u00e9 utilise la localisation des imperfections cutan\u00e9es afin de d\u00e9finir avec pr\u00e9cision les zones r\u00e9flexes du visage ou du corps \u00e0 stimuler.<\/p>\n<p>La s\u00e9ance de Chan\u2019Beaut\u00e9 se pratique sur le visage et\u00a0ou sur le corps. Nous agissons en profondeur pour obtenir des r\u00e9sultats durables. Chaque s\u00e9ance permet \u00e9galement une grande relaxation.<\/p>\n<p><strong><span style=\"text-decoration: underline;\">QUE PEUT-ON TRAITER<\/span>\u00a0<\/strong>:<\/p>\n<p>&#8211; Le teint terne ou fl\u00e9tri ou jaune<\/p>\n<p>&#8211; La peau s\u00e8che et\u00a0\/ou sensible<\/p>\n<p>&#8211; Les taches brunes<\/p>\n<p>&#8211; Le visage gonfl\u00e9<\/p>\n<p>&#8211; Les rides<\/p>\n<p>&#8211; L\u2019affaissement du visage et\/ou des paupi\u00e8res<\/p>\n<p>&#8211; Acn\u00e9<\/p>\n<p>&#8211; Yeux gonfl\u00e9s \u2013 cernes noires \u2013 poches<\/p>\n<p>&#8211;\u00a0Cellulite corps<\/p>\n<p><img loading=\"lazy\" decoding=\"async\" class=\"size-medium wp-image-216 alignright\" src=\"http:\/\/effetpapillonrennes.fr\/wp-content\/uploads\/2015\/06\/im3-226x300.jpg\" alt=\"im3\" width=\"226\" height=\"300\" srcset=\"https:\/\/effetpapillonrennes.fr\/wp-content\/uploads\/2015\/06\/im3-226x300.jpg 226w, https:\/\/effetpapillonrennes.fr\/wp-content\/uploads\/2015\/06\/im3.jpg 330w\" sizes=\"(max-width: 226px) 100vw, 226px\" \/><\/p>\n<p>&nbsp;<\/p>\n<p>Il n&rsquo;y a pas une beaut\u00e9 unique. Ne cherchons pas la jeunesse \u00e9ternelle mais apprenons plut\u00f4t \u00e0 bien vieillir tout en gommant certains signes peu esth\u00e9tiques, travaillons l&rsquo;aspect de notre peau, par un soin naturel et simple de r\u00e9\u00e9quilibrage le Chan\u2019Beaut\u00e9 qui permet de traiter l\u2019\u00e9quilibre int\u00e9rieur.<\/p>\n","protected":false},"excerpt":{"rendered":"<p>Le Dien Chan se pratique sur une personne habill\u00e9e en position assise ou allong\u00e9e selon le choix de la personne. C\u2019est un \u00e9change actif entre la personne et le praticien. Chaque zone stimul\u00e9e est ressentie par la personne et en communication avec le praticien permet de cette fa\u00e7on permet d\u2019adapter le soin \u00e0 chaque client. [&hellip;]<\/p>\n","protected":false},"author":1,"featured_media":0,"parent":50,"menu_order":4,"comment_status":"closed","ping_status":"closed","template":"","meta":{"footnotes":""},"class_list":["post-215","page","type-page","status-publish","hentry"],"_links":{"self":[{"href":"https:\/\/effetpapillonrennes.fr\/index.php?rest_route=\/wp\/v2\/pages\/215"}],"collection":[{"href":"https:\/\/effetpapillonrennes.fr\/index.php?rest_route=\/wp\/v2\/pages"}],"about":[{"href":"https:\/\/effetpapillonrennes.fr\/index.php?rest_route=\/wp\/v2\/types\/page"}],"author":[{"embeddable":true,"href":"https:\/\/effetpapillonrennes.fr\/index.php?rest_route=\/wp\/v2\/users\/1"}],"replies":[{"embeddable":true,"href":"https:\/\/effetpapillonrennes.fr\/index.php?rest_route=%2Fwp%2Fv2%2Fcomments&post=215"}],"version-history":[{"count":7,"href":"https:\/\/effetpapillonrennes.fr\/index.php?rest_route=\/wp\/v2\/pages\/215\/revisions"}],"predecessor-version":[{"id":566,"href":"https:\/\/effetpapillonrennes.fr\/index.php?rest_route=\/wp\/v2\/pages\/215\/revisions\/566"}],"up":[{"embeddable":true,"href":"https:\/\/effetpapillonrennes.fr\/index.php?rest_route=\/wp\/v2\/pages\/50"}],"wp:attachment":[{"href":"https:\/\/effetpapillonrennes.fr\/index.php?rest_route=%2Fwp%2Fv2%2Fmedia&parent=215"}],"curies":[{"name":"wp","href":"https:\/\/api.w.org\/{rel}","templated":true}]}}