{"id":213,"date":"2015-06-01T22:28:54","date_gmt":"2015-06-01T22:28:54","guid":{"rendered":"http:\/\/effetpapillonrennes.fr\/?page_id=213"},"modified":"2015-10-17T13:06:31","modified_gmt":"2015-10-17T13:06:31","slug":"pour-qui","status":"publish","type":"page","link":"https:\/\/effetpapillonrennes.fr\/?page_id=213","title":{"rendered":"Pour qui?"},"content":{"rendered":"<p><strong>LE VISAGE EST LE REFLET DE L\u2019AME ET DE NOTRE EQUILIBRE INTERIEUR<\/strong><\/p>\n<ul>\n<li>Les personnes qui sont r\u00e9ceptives \u00e0 la stimulation du syst\u00e8me nerveux<\/li>\n<li>Le Dien Chan s\u2019adresse \u00e0 TOUS sauf contre<\/li>\n<li>Le Dien Chan agit efficacement dans la r\u00e9gulation de nombreux troubles\n<ul>\n<li>Accompagnement du stress<\/li>\n<li>Anxi\u00e9t\u00e9<\/li>\n<li>Insomnies<\/li>\n<li>Aide \u00e0 la pr\u00e9paration aux examens<\/li>\n<li>Accompagnement dans la douleur<\/li>\n<li>Fatigue passag\u00e8re<\/li>\n<li>D\u00e9r\u00e8glement digestif chronique<\/li>\n<li>Accompagnement apr\u00e8s longue maladie<\/li>\n<li>Contractures musculaires<\/li>\n<li>Douleurs articulaires<\/li>\n<li>Troubles de concentration et de m\u00e9moire<\/li>\n<li>Migraine<\/li>\n<li>D\u00e9r\u00e8glements hormonaux<\/li>\n<li>Perte de poids- r\u00e9tention d\u2019eau<\/li>\n<li>Manque de tonus<\/li>\n<li>Arr\u00eat du tabac<\/li>\n<li>Etc\u2026.<\/li>\n<\/ul>\n<\/li>\n<\/ul>\n<p><img loading=\"lazy\" decoding=\"async\" class=\"size-medium wp-image-431 aligncenter\" src=\"http:\/\/effetpapillonrennes.fr\/wp-content\/uploads\/2015\/10\/IMG_5506-300x225.jpg\" alt=\"IMG_5506\" width=\"300\" height=\"225\" srcset=\"https:\/\/effetpapillonrennes.fr\/wp-content\/uploads\/2015\/10\/IMG_5506-300x225.jpg 300w, https:\/\/effetpapillonrennes.fr\/wp-content\/uploads\/2015\/10\/IMG_5506-624x468.jpg 624w, https:\/\/effetpapillonrennes.fr\/wp-content\/uploads\/2015\/10\/IMG_5506.jpg 1280w\" sizes=\"(max-width: 300px) 100vw, 300px\" \/><\/p>\n<p>Le Dien Chan ne se substitue en aucun cas \u00e0 la m\u00e9decine traditionnelle. En revanche, il est parfaitement adapt\u00e9 pour les personnes qui connaissent leurs pathologies ou sympt\u00f4mes pos\u00e9s par leur m\u00e9decin. Technique id\u00e9ale\u00a0: pr\u00e9ventive, hygi\u00e8ne de vie et harmonie.<\/p>\n<p><em>Objectif retrouver son \u00e9quilibre, renforcer son \u00e9nergie et son tonus.<\/em><\/p>\n","protected":false},"excerpt":{"rendered":"<p>LE VISAGE EST LE REFLET DE L\u2019AME ET DE NOTRE EQUILIBRE INTERIEUR Les personnes qui sont r\u00e9ceptives \u00e0 la stimulation du syst\u00e8me nerveux Le Dien Chan s\u2019adresse \u00e0 TOUS sauf contre Le Dien Chan agit efficacement dans la r\u00e9gulation de nombreux troubles Accompagnement du stress Anxi\u00e9t\u00e9 Insomnies Aide \u00e0 la pr\u00e9paration aux examens Accompagnement dans [&hellip;]<\/p>\n","protected":false},"author":1,"featured_media":0,"parent":50,"menu_order":3,"comment_status":"closed","ping_status":"closed","template":"","meta":{"footnotes":""},"class_list":["post-213","page","type-page","status-publish","hentry"],"_links":{"self":[{"href":"https:\/\/effetpapillonrennes.fr\/index.php?rest_route=\/wp\/v2\/pages\/213"}],"collection":[{"href":"https:\/\/effetpapillonrennes.fr\/index.php?rest_route=\/wp\/v2\/pages"}],"about":[{"href":"https:\/\/effetpapillonrennes.fr\/index.php?rest_route=\/wp\/v2\/types\/page"}],"author":[{"embeddable":true,"href":"https:\/\/effetpapillonrennes.fr\/index.php?rest_route=\/wp\/v2\/users\/1"}],"replies":[{"embeddable":true,"href":"https:\/\/effetpapillonrennes.fr\/index.php?rest_route=%2Fwp%2Fv2%2Fcomments&post=213"}],"version-history":[{"count":5,"href":"https:\/\/effetpapillonrennes.fr\/index.php?rest_route=\/wp\/v2\/pages\/213\/revisions"}],"predecessor-version":[{"id":554,"href":"https:\/\/effetpapillonrennes.fr\/index.php?rest_route=\/wp\/v2\/pages\/213\/revisions\/554"}],"up":[{"embeddable":true,"href":"https:\/\/effetpapillonrennes.fr\/index.php?rest_route=\/wp\/v2\/pages\/50"}],"wp:attachment":[{"href":"https:\/\/effetpapillonrennes.fr\/index.php?rest_route=%2Fwp%2Fv2%2Fmedia&parent=213"}],"curies":[{"name":"wp","href":"https:\/\/api.w.org\/{rel}","templated":true}]}}