{"id":150,"date":"2015-03-24T22:34:50","date_gmt":"2015-03-24T22:34:50","guid":{"rendered":"http:\/\/effetpapillonrennes.fr\/?page_id=150"},"modified":"2015-10-13T21:13:57","modified_gmt":"2015-10-13T21:13:57","slug":"pour-mecrire","status":"publish","type":"page","link":"https:\/\/effetpapillonrennes.fr\/?page_id=150","title":{"rendered":"Pour m&rsquo;\u00e9crire"},"content":{"rendered":"<p><img loading=\"lazy\" decoding=\"async\" class=\"alignnone wp-image-526 size-medium\" src=\"http:\/\/effetpapillonrennes.fr\/wp-content\/uploads\/2015\/10\/Nous-ecrire_1-300x96.jpg\" alt=\"Nous-ecrire_1\" width=\"300\" height=\"96\" srcset=\"https:\/\/effetpapillonrennes.fr\/wp-content\/uploads\/2015\/10\/Nous-ecrire_1-300x96.jpg 300w, https:\/\/effetpapillonrennes.fr\/wp-content\/uploads\/2015\/10\/Nous-ecrire_1-624x200.jpg 624w, https:\/\/effetpapillonrennes.fr\/wp-content\/uploads\/2015\/10\/Nous-ecrire_1.jpg 960w\" sizes=\"(max-width: 300px) 100vw, 300px\" \/><\/p>\n\n<div class=\"wpcf7 no-js\" id=\"wpcf7-f149-o1\" lang=\"fr-FR\" dir=\"ltr\" data-wpcf7-id=\"149\">\n<div class=\"screen-reader-response\"><p role=\"status\" aria-live=\"polite\" aria-atomic=\"true\"><\/p> <ul><\/ul><\/div>\n<form action=\"\/index.php?rest_route=%2Fwp%2Fv2%2Fpages%2F150#wpcf7-f149-o1\" method=\"post\" class=\"wpcf7-form init\" aria-label=\"Formulaire de contact\" novalidate=\"novalidate\" data-status=\"init\">\n<div style=\"display: none;\">\n<input type=\"hidden\" name=\"_wpcf7\" value=\"149\" \/>\n<input type=\"hidden\" name=\"_wpcf7_version\" value=\"6.0.6\" \/>\n<input type=\"hidden\" name=\"_wpcf7_locale\" value=\"fr_FR\" \/>\n<input type=\"hidden\" name=\"_wpcf7_unit_tag\" value=\"wpcf7-f149-o1\" \/>\n<input type=\"hidden\" name=\"_wpcf7_container_post\" value=\"0\" \/>\n<input type=\"hidden\" name=\"_wpcf7_posted_data_hash\" value=\"\" \/>\n<\/div>\n<p>Votre nom et pr\u00e9nom (obligatoire)\n<\/p>\n<p><span class=\"wpcf7-form-control-wrap\" data-name=\"your-name\"><input size=\"40\" maxlength=\"400\" class=\"wpcf7-form-control wpcf7-text wpcf7-validates-as-required\" aria-required=\"true\" aria-invalid=\"false\" value=\"\" type=\"text\" name=\"your-name\" \/><\/span>\n<\/p>\n<p>Votre email (obligatoire)\n<\/p>\n<p><span class=\"wpcf7-form-control-wrap\" data-name=\"your-email\"><input size=\"40\" maxlength=\"400\" class=\"wpcf7-form-control wpcf7-email wpcf7-validates-as-required wpcf7-text wpcf7-validates-as-email\" aria-required=\"true\" aria-invalid=\"false\" value=\"\" type=\"email\" name=\"your-email\" \/><\/span>\n<\/p>\n<p>Sujet\n<\/p>\n<p><span class=\"wpcf7-form-control-wrap\" data-name=\"your-subject\"><input size=\"40\" maxlength=\"400\" class=\"wpcf7-form-control wpcf7-text\" aria-invalid=\"false\" value=\"\" type=\"text\" name=\"your-subject\" \/><\/span>\n<\/p>\n<p>Votre message\n<\/p>\n<p><span class=\"wpcf7-form-control-wrap\" data-name=\"your-message\"><textarea cols=\"40\" rows=\"10\" maxlength=\"2000\" class=\"wpcf7-form-control wpcf7-textarea\" aria-invalid=\"false\" name=\"your-message\"><\/textarea><\/span>\n<\/p>\n<p>En envoyant ce message, je reconnais et accepte que ce formulaire permet de vous contacter pour toute question g\u00e9n\u00e9rale. La base l\u00e9gale est l\u2019article 6.1 .a du RGPD (consentement). Les destinataires de mes donn\u00e9es sont le responsable de traitement, ses services internes en charge des r\u00e9ponses, le sous-traitant op\u00e9rant la gestion du serveur web, ainsi que toute personne l\u00e9galement autoris\u00e9e. La dur\u00e9e de traitement de mes donn\u00e9es est limit\u00e9e au temps n\u00e9cessaire pour traiter ma demande, \u00e9tant entendu que je peux demander la suppression de mes donn\u00e9es \u00e0 tout moment. Je dispose du droit de demander au responsable du traitement l\u2019acc\u00e8s aux donn\u00e9es \u00e0 caract\u00e8re personnel, la modification ou l\u2019effacement de celles-ci, ou une limitation du traitement relatif \u00e0 la personne concern\u00e9e, ou du droit de m\u2019opposer au traitement et du droit \u00e0 la portabilit\u00e9 des donn\u00e9es. J\u2019ai not\u00e9 que le responsable du traitement est l\u2019entreprise individuelle Charles DUPONT, 2 rue de la R\u00e9publique 47000 AGEN. J\u2019ai \u00e9galement le droit d\u2019introduire une r\u00e9clamation aupr\u00e8s d\u2019une autorit\u00e9 de contr\u00f4le.<br \/>\nFormulaire inscription newsletter<br \/>\nFormulaire de contact<br \/>\nVotre t\u00e9l\u00e9phone (*)<br \/>\n(*) Conform\u00e9ment \u00e0 la loi n\u00b0 2014-344 du 17 mars 2014 et l\u2019article L.121-34 du code de la consommation, tout consommateur dispose du droit de s\u2019inscrire sur la liste d\u2019opposition au d\u00e9marchage t\u00e9l\u00e9phonique nomm\u00e9e Bloctel. Il peut s\u2019informer sur l\u2019exercice de ce droit en se connectant au site https:\/\/www.bloctel.gouv.fr\/.\n<\/p>\n<p><input class=\"wpcf7-form-control wpcf7-submit has-spinner\" type=\"submit\" value=\"Envoyer\" \/>\n<\/p><div class=\"wpcf7-response-output\" aria-hidden=\"true\"><\/div>\n<\/form>\n<\/div>\n\n","protected":false},"excerpt":{"rendered":"","protected":false},"author":1,"featured_media":0,"parent":54,"menu_order":2,"comment_status":"closed","ping_status":"closed","template":"","meta":{"footnotes":""},"class_list":["post-150","page","type-page","status-publish","hentry"],"_links":{"self":[{"href":"https:\/\/effetpapillonrennes.fr\/index.php?rest_route=\/wp\/v2\/pages\/150"}],"collection":[{"href":"https:\/\/effetpapillonrennes.fr\/index.php?rest_route=\/wp\/v2\/pages"}],"about":[{"href":"https:\/\/effetpapillonrennes.fr\/index.php?rest_route=\/wp\/v2\/types\/page"}],"author":[{"embeddable":true,"href":"https:\/\/effetpapillonrennes.fr\/index.php?rest_route=\/wp\/v2\/users\/1"}],"replies":[{"embeddable":true,"href":"https:\/\/effetpapillonrennes.fr\/index.php?rest_route=%2Fwp%2Fv2%2Fcomments&post=150"}],"version-history":[{"count":2,"href":"https:\/\/effetpapillonrennes.fr\/index.php?rest_route=\/wp\/v2\/pages\/150\/revisions"}],"predecessor-version":[{"id":527,"href":"https:\/\/effetpapillonrennes.fr\/index.php?rest_route=\/wp\/v2\/pages\/150\/revisions\/527"}],"up":[{"embeddable":true,"href":"https:\/\/effetpapillonrennes.fr\/index.php?rest_route=\/wp\/v2\/pages\/54"}],"wp:attachment":[{"href":"https:\/\/effetpapillonrennes.fr\/index.php?rest_route=%2Fwp%2Fv2%2Fmedia&parent=150"}],"curies":[{"name":"wp","href":"https:\/\/api.w.org\/{rel}","templated":true}]}}