{"id":13,"date":"2015-03-24T18:54:55","date_gmt":"2015-03-24T18:54:55","guid":{"rendered":"http:\/\/effetpapillonrennes.fr\/?page_id=13"},"modified":"2015-10-17T11:34:32","modified_gmt":"2015-10-17T11:34:32","slug":"a-quoi-ca-sert","status":"publish","type":"page","link":"https:\/\/effetpapillonrennes.fr\/?page_id=13","title":{"rendered":"A quoi \u00e7a sert?"},"content":{"rendered":"<p>&nbsp;<\/p>\n<p><img loading=\"lazy\" decoding=\"async\" class=\"alignright wp-image-455 size-medium\" src=\"http:\/\/effetpapillonrennes.fr\/wp-content\/uploads\/2015\/10\/ob_ead9e2_carte-reflexologie-plantaire-300x200.jpg\" alt=\"ob_ead9e2_carte-reflexologie-plantaire\" width=\"300\" height=\"200\" srcset=\"https:\/\/effetpapillonrennes.fr\/wp-content\/uploads\/2015\/10\/ob_ead9e2_carte-reflexologie-plantaire-300x200.jpg 300w, https:\/\/effetpapillonrennes.fr\/wp-content\/uploads\/2015\/10\/ob_ead9e2_carte-reflexologie-plantaire-624x416.jpg 624w, https:\/\/effetpapillonrennes.fr\/wp-content\/uploads\/2015\/10\/ob_ead9e2_carte-reflexologie-plantaire.jpg 850w\" sizes=\"(max-width: 300px) 100vw, 300px\" \/>La r\u00e9flexologie aide le corps \u00e0 retrouver de mani\u00e8re naturelle \u00e9quilibre et \u00e9nergie, apaise le corps (par la stimulation de s\u00e9cr\u00e9tion d\u2019endorphine), soulage le stress.<\/p>\n<p>Elle a pour objectif d\u2019harmoniser les fonctions vitales de l\u2019organisme souvent bouscul\u00e9es par la vie moderne. La r\u00e9flexologie soulage bien des maux de la vie quotidienne. Elle est notamment utilis\u00e9e pour\u00a0:<\/p>\n<p>. La relaxation et la diminution des effets du stress sur l\u2019organisme<\/p>\n<p>. L\u2019am\u00e9lioration de la circulation sanguine et l\u2019influx nerveux<\/p>\n<p>. Harmoniser l\u2019\u00e9nergie des organes vitaux, renforcer le syst\u00e8me immunitaire<\/p>\n<p>. Contribuer au maintien de l\u2019\u00e9quilibre physiologique et de la vitalit\u00e9<\/p>\n","protected":false},"excerpt":{"rendered":"<p>&nbsp; La r\u00e9flexologie aide le corps \u00e0 retrouver de mani\u00e8re naturelle \u00e9quilibre et \u00e9nergie, apaise le corps (par la stimulation de s\u00e9cr\u00e9tion d\u2019endorphine), soulage le stress. Elle a pour objectif d\u2019harmoniser les fonctions vitales de l\u2019organisme souvent bouscul\u00e9es par la vie moderne. La r\u00e9flexologie soulage bien des maux de la vie quotidienne. Elle est notamment [&hellip;]<\/p>\n","protected":false},"author":1,"featured_media":0,"parent":6,"menu_order":2,"comment_status":"closed","ping_status":"closed","template":"","meta":{"footnotes":""},"class_list":["post-13","page","type-page","status-publish","hentry"],"_links":{"self":[{"href":"https:\/\/effetpapillonrennes.fr\/index.php?rest_route=\/wp\/v2\/pages\/13"}],"collection":[{"href":"https:\/\/effetpapillonrennes.fr\/index.php?rest_route=\/wp\/v2\/pages"}],"about":[{"href":"https:\/\/effetpapillonrennes.fr\/index.php?rest_route=\/wp\/v2\/types\/page"}],"author":[{"embeddable":true,"href":"https:\/\/effetpapillonrennes.fr\/index.php?rest_route=\/wp\/v2\/users\/1"}],"replies":[{"embeddable":true,"href":"https:\/\/effetpapillonrennes.fr\/index.php?rest_route=%2Fwp%2Fv2%2Fcomments&post=13"}],"version-history":[{"count":6,"href":"https:\/\/effetpapillonrennes.fr\/index.php?rest_route=\/wp\/v2\/pages\/13\/revisions"}],"predecessor-version":[{"id":548,"href":"https:\/\/effetpapillonrennes.fr\/index.php?rest_route=\/wp\/v2\/pages\/13\/revisions\/548"}],"up":[{"embeddable":true,"href":"https:\/\/effetpapillonrennes.fr\/index.php?rest_route=\/wp\/v2\/pages\/6"}],"wp:attachment":[{"href":"https:\/\/effetpapillonrennes.fr\/index.php?rest_route=%2Fwp%2Fv2%2Fmedia&parent=13"}],"curies":[{"name":"wp","href":"https:\/\/api.w.org\/{rel}","templated":true}]}}